{"id":7020,"date":"2024-02-28T12:45:49","date_gmt":"2024-02-28T11:45:49","guid":{"rendered":"https:\/\/www.ionnyk.com\/?page_id=7020"},"modified":"2024-11-26T10:56:26","modified_gmt":"2024-11-26T09:56:26","slug":"architecte","status":"publish","type":"page","link":"https:\/\/www.ionnyk.com\/fr\/architecte\/","title":{"rendered":"architectes"},"content":{"rendered":"<p>[vc_row][vc_column][vc_empty_space height=\u00a0\u00bb60px\u00a0\u00bb][\/vc_column][\/vc_row][vc_row content_placement=\u00a0\u00bbmiddle\u00a0\u00bb][vc_column width=\u00a0\u00bb5\/12&Prime;][vc_column_text]<\/p>\n<h2><strong>Architectes,<br \/>\nSurprenez vos clients.\u00a0<\/strong><\/h2>\n<p>[\/vc_column_text][vc_column_text]<\/p>\n<h4>Cr\u00e9ez des exp\u00e9riences visuelles uniques avec IONNYK &#8211; le premier cadre d&rsquo;art connect\u00e9 avec un rendu photo argentique parfait.<\/h4>\n<p>[\/vc_column_text][vc_column_text]<\/p>\n<h4><strong><em>Apportez une touche de magie \u00e0 vos projets !<\/em><\/strong><\/h4>\n<p>[\/vc_column_text][vc_raw_html el_class=\u00a0\u00bbtext-left\u00a0\u00bb]JTNDYSUyMGhyZWYlM0QlMjIlMjNmb3JtLWxhbmRpbmclMjIlMjBjbGFzcyUzRCUyMmJ0biUyMGJ0bi1zZWNvbmRhcnklMjIlM0VERVZFTklSJTIwVU4lMjBQQVJURU5BSVJFJTIwUFJJVklMRUdJJUMzJTg5JTNDJTJGYSUzRQ==[\/vc_raw_html][\/vc_column][vc_column width=\u00a0\u00bb6\/12&Prime;][vc_raw_html]JTNDdmlkZW8lMjBzdHlsZSUzRCUyMm1heC13aWR0aCUzQTEwMCUyNSUzQiUyMiUyMGF1dG9wbGF5JTNEJTIyJTIyJTIwbXV0ZWQlM0QlMjIlMjIlMjBsb29wJTNEJTIyJTIyJTIwcGxheXNpbmxpbmUlM0QlMjIlMjIlM0UlMEElMjAlMjAlMjAlMjAlMjAlMjAlMjAlMjAlMjAlMjAlMjAlMjAlM0Nzb3VyY2UlMjBzcmMlM0QlMjJodHRwcyUzQSUyRiUyRnd3dy5pb25ueWsuY29tJTJGd3AtY29udGVudCUyRnVwbG9hZHMlMkYyMDI0JTJGMDMlMkZMaW5uLUZsaWNrLm1vdiUyMnZpZGVvJTJGbXA0JTIyJTNFJTBBJTIwWW91ciUyMGJyb3dzZXIlMjBkb2VzJTIwbm90JTIwc3VwcG9ydCUyMHRoZSUyMHZpZGVvJTIwdGFnLiUwQSUyMCUyMCUyMCUyMCUyMCUyMCUyMCUyMCUzQyUyRnNvdXJjZSUzRSUzQyUyRnZpZGVvJTNF[\/vc_raw_html][\/vc_column][vc_column width=\u00a0\u00bb1\/12&Prime;][\/vc_column][\/vc_row][vc_row content_placement=\u00a0\u00bbmiddle\u00a0\u00bb][vc_column width=\u00a0\u00bb1\/4&Prime; offset=\u00a0\u00bbvc_col-lg-offset-0 vc_col-lg-3 vc_col-xs-offset-1 vc_col-xs-5&Prime;][vc_single_image image=\u00a0\u00bb7217&Prime; img_size=\u00a0\u00bblarge\u00a0\u00bb alignment=\u00a0\u00bbcenter\u00a0\u00bb][\/vc_column][vc_column width=\u00a0\u00bb1\/4&Prime; offset=\u00a0\u00bbvc_col-lg-offset-0 vc_col-lg-3 vc_col-xs-offset-1 vc_col-xs-5&Prime;][vc_single_image image=\u00a0\u00bb7220&Prime; img_size=\u00a0\u00bblarge\u00a0\u00bb alignment=\u00a0\u00bbcenter\u00a0\u00bb][\/vc_column][vc_column width=\u00a0\u00bb1\/4&Prime; offset=\u00a0\u00bbvc_col-lg-offset-0 vc_col-lg-3 vc_col-xs-offset-1 vc_col-xs-5&Prime;][vc_single_image image=\u00a0\u00bb7223&Prime; img_size=\u00a0\u00bblarge\u00a0\u00bb alignment=\u00a0\u00bbcenter\u00a0\u00bb][\/vc_column][vc_column width=\u00a0\u00bb1\/4&Prime; offset=\u00a0\u00bbvc_col-lg-offset-0 vc_col-lg-3 vc_col-xs-offset-1 vc_col-xs-5&Prime;][vc_single_image image=\u00a0\u00bb7226&Prime; img_size=\u00a0\u00bblarge\u00a0\u00bb alignment=\u00a0\u00bbcenter\u00a0\u00bb][\/vc_column][\/vc_row][vc_row content_placement=\u00a0\u00bbmiddle\u00a0\u00bb bg_type=\u00a0\u00bbbg_color\u00a0\u00bb bg_override=\u00a0\u00bbfull\u00a0\u00bb bg_color_value=\u00a0\u00bb#ffffff\u00a0\u00bb][vc_column width=\u00a0\u00bb1\/3&Prime;][vc_column_text]<\/p>\n<h3 class=\"p2\" style=\"text-align: center;\"><strong><span style=\"color: #000000;\">Une exp\u00e9rience immersive unique<\/span><\/strong><\/h3>\n<h4 class=\"p2\" style=\"text-align: center;\"><\/h4>\n<h4 class=\"p2\" style=\"text-align: center;\"><\/h4>\n<h4 class=\"p2\" style=\"text-align: center;\"><\/h4>\n<p>[\/vc_column_text][vc_row_inner][vc_column_inner offset=\u00a0\u00bbvc_hidden-lg vc_hidden-md vc_hidden-sm\u00a0\u00bb][vc_separator color=\u00a0\u00bbblack\u00a0\u00bb][\/vc_column_inner][\/vc_row_inner][\/vc_column][vc_column width=\u00a0\u00bb1\/3&Prime;][vc_column_text]<\/p>\n<h3 class=\"p2\" style=\"text-align: center;\"><strong><span style=\"color: #000000;\">100% sans c\u00e2ble et durable\u00a0<\/span><\/strong><\/h3>\n<h4 class=\"p2\" style=\"text-align: center;\"><\/h4>\n<h4 class=\"p2\" style=\"text-align: center;\"><\/h4>\n<h4 class=\"p2\" style=\"text-align: center;\"><\/h4>\n<p>[\/vc_column_text][vc_row_inner][vc_column_inner offset=\u00a0\u00bbvc_hidden-lg vc_hidden-md vc_hidden-sm\u00a0\u00bb][vc_separator color=\u00a0\u00bbblack\u00a0\u00bb][\/vc_column_inner][\/vc_row_inner][\/vc_column][vc_column width=\u00a0\u00bb1\/3&Prime;][vc_column_text]<\/p>\n<h3 class=\"p2\" style=\"text-align: center;\"><strong><span style=\"color: #000000;\">Un rendu argentique intemporel\u00a0<\/span><\/strong><\/h3>\n<h3 class=\"p2\" style=\"text-align: center;\"><\/h3>\n<h4 class=\"p2\" style=\"text-align: center;\"><\/h4>\n<h4 class=\"p2\" style=\"text-align: center;\"><\/h4>\n<h4 class=\"p2\" style=\"text-align: center;\"><\/h4>\n<p>[\/vc_column_text][\/vc_column][\/vc_row][vc_row][vc_column][vc_empty_space][vc_empty_space][vc_separator color=\u00a0\u00bbwhite\u00a0\u00bb el_width=\u00a0\u00bb50&Prime;][vc_column_text]<\/p>\n<h2 style=\"text-align: center;\"><strong>L&rsquo;innovation et l&rsquo;art au service de vos projets\u00a0<\/strong><\/h2>\n<p>[\/vc_column_text][\/vc_column][\/vc_row][vc_row][vc_column width=\u00a0\u00bb1\/2&Prime;][vc_single_image image=\u00a0\u00bb7365&Prime; img_size=\u00a0\u00bbfull\u00a0\u00bb alignment=\u00a0\u00bbcenter\u00a0\u00bb][vc_single_image image=\u00a0\u00bb7371&Prime; img_size=\u00a0\u00bbfull\u00a0\u00bb alignment=\u00a0\u00bbcenter\u00a0\u00bb][\/vc_column][vc_column width=\u00a0\u00bb1\/2&Prime;][vc_single_image image=\u00a0\u00bb7368&Prime; img_size=\u00a0\u00bbfull\u00a0\u00bb alignment=\u00a0\u00bbcenter\u00a0\u00bb][vc_single_image image=\u00a0\u00bb7374&Prime; img_size=\u00a0\u00bbfull\u00a0\u00bb alignment=\u00a0\u00bbcenter\u00a0\u00bb][\/vc_column][\/vc_row][vc_row][vc_column][vc_raw_html el_class=\u00a0\u00bbtext-center\u00a0\u00bb]JTNDYSUyMGhyZWYlM0QlMjIlMjNmb3JtLWxhbmRpbmclMjIlMjBjbGFzcyUzRCUyMmJ0biUyMGJ0bi1zZWNvbmRhcnklMjIlM0VDb250YWN0ZXotbm91cyUzQyUyRmElM0U=[\/vc_raw_html][vc_separator color=\u00a0\u00bbwhite\u00a0\u00bb el_width=\u00a0\u00bb50&Prime;][vc_empty_space][vc_empty_space][\/vc_column][\/vc_row][vc_row content_placement=\u00a0\u00bbmiddle\u00a0\u00bb][vc_column width=\u00a0\u00bb6\/12&Prime;][vc_single_image image=\u00a0\u00bb7860&Prime; img_size=\u00a0\u00bbfull\u00a0\u00bb alignment=\u00a0\u00bbcenter\u00a0\u00bb][\/vc_column][vc_column width=\u00a0\u00bb5\/12&Prime;][vc_column_text]<\/p>\n<h2 class=\"p1\"><strong>Plongez dans une exp\u00e9rience immersive unique<\/strong><\/h2>\n<p>[\/vc_column_text][vc_column_text]Architecte ou d\u00e9corateur? Gr\u00e2ce \u00e0 notre application mobile, offrez \u00e0 vos clients un acc\u00e8s complet \u00e0 notre galerie d\u2019art connect\u00e9e. En constante \u00e9volution, notre catalogue leur permet de vivre chez eux une exp\u00e9rience artistique et immersive unique qui s\u2019adapte aux saisons ou aux tendances du moment. Notre studio propose \u00e9galement un service sur-mesure de valorisation de leur patrimoine num\u00e9rique.[\/vc_column_text][\/vc_column][vc_column width=\u00a0\u00bb1\/12&Prime;][\/vc_column][\/vc_row][vc_row rtl_reverse=\u00a0\u00bbyes\u00a0\u00bb content_placement=\u00a0\u00bbmiddle\u00a0\u00bb][vc_column width=\u00a0\u00bb1\/2&Prime;][vc_column_text]<\/p>\n<h2 class=\"p1\"><b>D\u00e9couvrez un produit 100% sans c\u00e2ble et durable\u00a0<\/b><\/h2>\n<p>[\/vc_column_text][vc_column_text]Pour une d\u00e9coration murale r\u00e9versible et durable, notre cadre d\u2019art connect\u00e9 est 100% sans c\u00e2ble ni \u00e9mission de lumi\u00e8re et poss\u00e8de jusqu\u2019\u00e0 un an d\u2019autonomie sur un seul cycle de recharge. Int\u00e9grez-le dans vos projets d&rsquo;architecture sans vous soucier des c\u00e2bles disgracieux.[\/vc_column_text][\/vc_column][vc_column width=\u00a0\u00bb1\/2&Prime;][vc_single_image image=\u00a0\u00bb7871&Prime; img_size=\u00a0\u00bbfull\u00a0\u00bb alignment=\u00a0\u00bbcenter\u00a0\u00bb][\/vc_column][\/vc_row][vc_row content_placement=\u00a0\u00bbmiddle\u00a0\u00bb][vc_column width=\u00a0\u00bb1\/2&Prime;][vc_raw_html]JTNDdmlkZW8lMjBzdHlsZSUzRCUyMndpZHRoJTNBMTAwJTI1JTNCJTIyJTIwYXV0b3BsYXklM0QlMjIlMjIlMjBtdXRlZCUzRCUyMiUyMiUyMGxvb3AlM0QlMjIlMjIlMjBwbGF5c2lubGluZSUzRCUyMiUyMiUzRSUwQSUyMCUyMCUyMCUyMCUyMCUyMCUyMCUyMCUyMCUyMCUyMCUyMCUzQ3NvdXJjZSUyMHNyYyUzRCUyMmh0dHBzJTNBJTJGJTJGd3d3Lmlvbm55ay5jb20lMkZ3cC1jb250ZW50JTJGdXBsb2FkcyUyRjIwMjQlMkYwMyUyRk9VSUxJTkUtMS5tb3YlMjIlM0UlMEElMjAlMjAlMjAlMjAlMjAlMjAlMjAlMjAlMjAlMjAlMjAlMjBZb3VyJTIwYnJvd3NlciUyMGRvZXMlMjBub3QlMjBzdXBwb3J0JTIwdGhlJTIwdmlkZW8lMjB0YWcuJTBBJTIwJTIwJTIwJTIwJTIwJTIwJTIwJTIwJTNDJTJGdmlkZW8lM0U=[\/vc_raw_html][\/vc_column][vc_column width=\u00a0\u00bb1\/2&Prime;][vc_column_text]<\/p>\n<h2 class=\"p1\"><strong>Profitez d&rsquo;un rendu argentique intemporel\u00a0<\/strong><\/h2>\n<p>[\/vc_column_text][vc_column_text]Des millions de capsules d&rsquo;encre en mouvement imitent l&rsquo;apparence de l&rsquo;encre ordinaire sur papier. Comparable \u00e0 une impression argentique classique, notre cadre renforce le caract\u00e8re intemporel de vos projets. Avec une petite touche de magie.[\/vc_column_text][\/vc_column][\/vc_row][vc_row][vc_column][vc_raw_html el_class=\u00a0\u00bbtext-center\u00a0\u00bb]JTNDYSUyMGhyZWYlM0QlMjIlMjNmb3JtLWxhbmRpbmclMjIlMjBjbGFzcyUzRCUyMmJ0biUyMGJ0bi1zZWNvbmRhcnklMjIlM0VDb250YWN0ZXotbm91cyUzQyUyRmElM0U=[\/vc_raw_html][vc_empty_space][\/vc_column][\/vc_row][vc_row content_placement=\u00a0\u00bbmiddle\u00a0\u00bb el_class=\u00a0\u00bbrow-reverse\u00a0\u00bb][vc_column width=\u00a0\u00bb5\/12&Prime;][vc_column_text]<\/p>\n<h2 class=\"p1\"><strong><b>Une dizaine de partenaires prestigieux tri\u00e9s sur le volet.<\/b><\/strong><\/h2>\n<p>[\/vc_column_text][vc_column_text]<\/p>\n<h4>Plus de <strong>1000 clients et amateurs d&rsquo;art d\u00e9j\u00e0 convaincus.<\/strong><\/h4>\n<p>[\/vc_column_text][vc_column_text]<\/p>\n<h4><span style=\"font-weight: 400;\">Pr\u00e8s de <strong>2000 \u0153uvres d\u2019art<\/strong> dans un catalogue en constante \u00e9volution.<\/span><\/h4>\n<p>[\/vc_column_text][vc_column_text]<\/p>\n<h4><span style=\"font-weight: 400;\">Environ <strong>250 artistes<\/strong> et plus de <strong>20 th\u00e9matiques<\/strong> diff\u00e9rentes.<\/span><\/h4>\n<p>[\/vc_column_text][\/vc_column][vc_column width=\u00a0\u00bb6\/12&Prime;][vc_single_image image=\u00a0\u00bb7863&Prime; img_size=\u00a0\u00bbfull\u00a0\u00bb alignment=\u00a0\u00bbcenter\u00a0\u00bb][\/vc_column][\/vc_row][vc_row content_placement=\u00a0\u00bbmiddle\u00a0\u00bb][vc_column][vc_empty_space height=\u00a0\u00bb60px\u00a0\u00bb][vc_single_image image=\u00a0\u00bb7394&Prime; img_size=\u00a0\u00bblarge\u00a0\u00bb alignment=\u00a0\u00bbcenter\u00a0\u00bb][vc_empty_space height=\u00a0\u00bb60px\u00a0\u00bb][\/vc_column][\/vc_row][vc_row][vc_column][vc_empty_space height=\u00a0\u00bb60px\u00a0\u00bb][vc_single_image image=\u00a0\u00bb7117&Prime; img_size=\u00a0\u00bbfull\u00a0\u00bb alignment=\u00a0\u00bbcenter\u00a0\u00bb][vc_empty_space height=\u00a0\u00bb60px\u00a0\u00bb][\/vc_column][\/vc_row][vc_row][vc_column][vc_empty_space height=\u00a0\u00bb60px\u00a0\u00bb][vc_raw_html el_class=\u00a0\u00bbtext-center\u00a0\u00bb]JTNDYSUyMGhyZWYlM0QlMjIlMjNmb3JtLWxhbmRpbmclMjIlMjBjbGFzcyUzRCUyMmJ0biUyMGJ0bi1zZWNvbmRhcnklMjIlM0VERVZFTklSJTIwVU4lMjBQQVJURU5BSVJFJTIwUFJJVklMRUdJJUMzJTg5JTNDJTJGYSUzRQ==[\/vc_raw_html][vc_empty_space height=\u00a0\u00bb60px\u00a0\u00bb][vc_raw_html el_id=\u00a0\u00bbform-landing\u00a0\u00bb el_class=\u00a0\u00bbtext-center\u00a0\u00bb]JTNDc2NyaXB0JTIwY2hhcnNldCUzRCUyMnV0Zi04JTIyJTIwdHlwZSUzRCUyMnRleHQlMkZqYXZhc2NyaXB0JTIyJTIwc3JjJTNEJTIyJTJGJTJGanMuaHNmb3Jtcy5uZXQlMkZmb3JtcyUyRmVtYmVkJTJGdjIuanMlMjIlM0UlM0MlMkZzY3JpcHQlM0UlMEElM0NzY3JpcHQlM0UlMEElMjAlMjBoYnNwdC5mb3Jtcy5jcmVhdGUlMjglN0IlMEElMjAlMjAlMjAlMjBwb3J0YWxJZCUzQSUyMCUyMjg2MDMyMzIlMjIlMkMlMEElMjAlMjAlMjAlMjBmb3JtSWQlM0ElMjAlMjJhMDUyMTYzYi0wODUxLTQ4NmUtYmNiMy1iMDM1NGUxNjM1Y2QlMjIlMEElMjAlMjAlN0QlMjklM0IlMEElM0MlMkZzY3JpcHQlM0U=[\/vc_raw_html][\/vc_column][\/vc_row]<\/p>\n","protected":false},"excerpt":{"rendered":"[vc_row][vc_column][vc_empty_space height=\u00a0\u00bb60px\u00a0\u00bb][\/vc_column][\/vc_row][vc_row content_placement=\u00a0\u00bbmiddle\u00a0\u00bb][vc_column width=\u00a0\u00bb5\/12&Prime;][vc_column_text] Architectes, Surprenez vos clients.\u00a0 [\/vc_column_text][vc_column_text] Cr\u00e9ez des exp\u00e9riences visuelles uniques avec IONNYK &#8211; le premier cadre d&rsquo;art connect\u00e9 avec un rendu photo argentique parfait. [\/vc_column_text][vc_column_text] Apportez une touche de magie \u00e0 vos projets ! [\/vc_column_text][vc_raw_html el_class=\u00a0\u00bbtext-left\u00a0\u00bb]JTNDYSUyMGhyZWYlM0QlMjIlMjNmb3JtLWxhbmRpbmclMjIlMjBjbGFzcyUzRCUyMmJ0biUyMGJ0bi1zZWNvbmRhcnklMjIlM0VERVZFTklSJTIwVU4lMjBQQVJURU5BSVJFJTIwUFJJVklMRUdJJUMzJTg5JTNDJTJGYSUzRQ==[\/vc_raw_html][\/vc_column][vc_column width=\u00a0\u00bb6\/12&Prime;][vc_raw_html]JTNDdmlkZW8lMjBzdHlsZSUzRCUyMm1heC13aWR0aCUzQTEwMCUyNSUzQiUyMiUyMGF1dG9wbGF5JTNEJTIyJTIyJTIwbXV0ZWQlM0QlMjIlMjIlMjBsb29wJTNEJTIyJTIyJTIwcGxheXNpbmxpbmUlM0QlMjIlMjIlM0UlMEElMjAlMjAlMjAlMjAlMjAlMjAlMjAlMjAlMjAlMjAlMjAlMjAlM0Nzb3VyY2UlMjBzcmMlM0QlMjJodHRwcyUzQSUyRiUyRnd3dy5pb25ueWsuY29tJTJGd3AtY29udGVudCUyRnVwbG9hZHMlMkYyMDI0JTJGMDMlMkZMaW5uLUZsaWNrLm1vdiUyMnZpZGVvJTJGbXA0JTIyJTNFJTBBJTIwWW91ciUyMGJyb3dzZXIlMjBkb2VzJTIwbm90JTIwc3VwcG9ydCUyMHRoZSUyMHZpZGVvJTIwdGFnLiUwQSUyMCUyMCUyMCUyMCUyMCUyMCUyMCUyMCUzQyUyRnNvdXJjZSUzRSUzQyUyRnZpZGVvJTNF[\/vc_raw_html][\/vc_column][vc_column width=\u00a0\u00bb1\/12&Prime;][\/vc_column][\/vc_row][vc_row content_placement=\u00a0\u00bbmiddle\u00a0\u00bb][vc_column width=\u00a0\u00bb1\/4&Prime; offset=\u00a0\u00bbvc_col-lg-offset-0 vc_col-lg-3 vc_col-xs-offset-1 vc_col-xs-5&Prime;][vc_single_image image=\u00a0\u00bb7217&Prime; img_size=\u00a0\u00bblarge\u00a0\u00bb alignment=\u00a0\u00bbcenter\u00a0\u00bb][\/vc_column][vc_column width=\u00a0\u00bb1\/4&Prime; offset=\u00a0\u00bbvc_col-lg-offset-0 vc_col-lg-3 vc_col-xs-offset-1&#8230; <a class=\"view-article\" href=\"https:\/\/www.ionnyk.com\/fr\/architecte\/\">Voir l&rsquo;article<\/a>","protected":false},"author":5,"featured_media":0,"parent":0,"menu_order":41,"comment_status":"closed","ping_status":"closed","template":"","meta":{"content-type":""},"yoast_head":"<!-- This site is optimized with the Yoast SEO Premium plugin v19.4 (Yoast SEO v19.9) - https:\/\/yoast.com\/wordpress\/plugins\/seo\/ -->\n<title>architectes<\/title>\n<meta name=\"description\" content=\"IONNYK : The only paper like digital art frame\" \/>\n<meta name=\"robots\" content=\"index, follow, max-snippet:-1, max-image-preview:large, max-video-preview:-1\" \/>\n<link rel=\"canonical\" href=\"https:\/\/www.ionnyk.com\/fr\/architecte\/\" \/>\n<meta property=\"og:locale\" content=\"fr_FR\" \/>\n<meta property=\"og:type\" content=\"article\" \/>\n<meta property=\"og:title\" content=\"architectes\" \/>\n<meta property=\"og:description\" content=\"IONNYK : The only paper like digital art frame\" \/>\n<meta property=\"og:url\" content=\"https:\/\/www.ionnyk.com\/fr\/architecte\/\" \/>\n<meta property=\"og:site_name\" content=\"IONNYK\" \/>\n<meta property=\"article:publisher\" content=\"https:\/\/www.facebook.com\/ionnyk.art\" \/>\n<meta property=\"article:modified_time\" content=\"2024-11-26T09:56:26+00:00\" \/>\n<meta property=\"og:image\" content=\"https:\/\/www.ionnyk.com\/wp-content\/uploads\/2024\/03\/achoo-sans-texte_carre.png\" \/>\n\t<meta property=\"og:image:width\" content=\"1600\" \/>\n\t<meta property=\"og:image:height\" content=\"1600\" \/>\n\t<meta property=\"og:image:type\" content=\"image\/png\" \/>\n<meta name=\"twitter:card\" content=\"summary_large_image\" \/>\n<meta name=\"twitter:label1\" content=\"Dur\u00e9e de lecture estim\u00e9e\" \/>\n\t<meta name=\"twitter:data1\" content=\"2 minutes\" \/>\n<script type=\"application\/ld+json\" class=\"yoast-schema-graph\">{\"@context\":\"https:\/\/schema.org\",\"@graph\":[{\"@type\":\"WebPage\",\"@id\":\"https:\/\/www.ionnyk.com\/fr\/architecte\/\",\"url\":\"https:\/\/www.ionnyk.com\/fr\/architecte\/\",\"name\":\"architectes\",\"isPartOf\":{\"@id\":\"https:\/\/www.ionnyk.com\/fr\/#website\"},\"datePublished\":\"2024-02-28T11:45:49+00:00\",\"dateModified\":\"2024-11-26T09:56:26+00:00\",\"description\":\"IONNYK : The only paper like digital art frame\",\"breadcrumb\":{\"@id\":\"https:\/\/www.ionnyk.com\/fr\/architecte\/#breadcrumb\"},\"inLanguage\":\"fr-FR\",\"potentialAction\":[{\"@type\":\"ReadAction\",\"target\":[\"https:\/\/www.ionnyk.com\/fr\/architecte\/\"]}]},{\"@type\":\"BreadcrumbList\",\"@id\":\"https:\/\/www.ionnyk.com\/fr\/architecte\/#breadcrumb\",\"itemListElement\":[{\"@type\":\"ListItem\",\"position\":1,\"name\":\"Home\",\"item\":\"https:\/\/www.ionnyk.com\/fr\/\"},{\"@type\":\"ListItem\",\"position\":2,\"name\":\"architectes\"}]},{\"@type\":\"WebSite\",\"@id\":\"https:\/\/www.ionnyk.com\/fr\/#website\",\"url\":\"https:\/\/www.ionnyk.com\/fr\/\",\"name\":\"IONNYK\",\"description\":\"The world&#039;s first e-paper Digital Art Frame\",\"potentialAction\":[{\"@type\":\"SearchAction\",\"target\":{\"@type\":\"EntryPoint\",\"urlTemplate\":\"https:\/\/www.ionnyk.com\/fr\/?s={search_term_string}\"},\"query-input\":\"required name=search_term_string\"}],\"inLanguage\":\"fr-FR\"}]}<\/script>\n<!-- \/ Yoast SEO Premium plugin. -->","yoast_head_json":{"title":"architectes","description":"IONNYK : The only paper like digital art frame","robots":{"index":"index","follow":"follow","max-snippet":"max-snippet:-1","max-image-preview":"max-image-preview:large","max-video-preview":"max-video-preview:-1"},"canonical":"https:\/\/www.ionnyk.com\/fr\/architecte\/","og_locale":"fr_FR","og_type":"article","og_title":"architectes","og_description":"IONNYK : The only paper like digital art frame","og_url":"https:\/\/www.ionnyk.com\/fr\/architecte\/","og_site_name":"IONNYK","article_publisher":"https:\/\/www.facebook.com\/ionnyk.art","article_modified_time":"2024-11-26T09:56:26+00:00","og_image":[{"width":1600,"height":1600,"url":"https:\/\/www.ionnyk.com\/wp-content\/uploads\/2024\/03\/achoo-sans-texte_carre.png","type":"image\/png"}],"twitter_card":"summary_large_image","twitter_misc":{"Dur\u00e9e de lecture estim\u00e9e":"2 minutes"},"schema":{"@context":"https:\/\/schema.org","@graph":[{"@type":"WebPage","@id":"https:\/\/www.ionnyk.com\/fr\/architecte\/","url":"https:\/\/www.ionnyk.com\/fr\/architecte\/","name":"architectes","isPartOf":{"@id":"https:\/\/www.ionnyk.com\/fr\/#website"},"datePublished":"2024-02-28T11:45:49+00:00","dateModified":"2024-11-26T09:56:26+00:00","description":"IONNYK : The only paper like digital art frame","breadcrumb":{"@id":"https:\/\/www.ionnyk.com\/fr\/architecte\/#breadcrumb"},"inLanguage":"fr-FR","potentialAction":[{"@type":"ReadAction","target":["https:\/\/www.ionnyk.com\/fr\/architecte\/"]}]},{"@type":"BreadcrumbList","@id":"https:\/\/www.ionnyk.com\/fr\/architecte\/#breadcrumb","itemListElement":[{"@type":"ListItem","position":1,"name":"Home","item":"https:\/\/www.ionnyk.com\/fr\/"},{"@type":"ListItem","position":2,"name":"architectes"}]},{"@type":"WebSite","@id":"https:\/\/www.ionnyk.com\/fr\/#website","url":"https:\/\/www.ionnyk.com\/fr\/","name":"IONNYK","description":"The world&#039;s first e-paper Digital Art Frame","potentialAction":[{"@type":"SearchAction","target":{"@type":"EntryPoint","urlTemplate":"https:\/\/www.ionnyk.com\/fr\/?s={search_term_string}"},"query-input":"required name=search_term_string"}],"inLanguage":"fr-FR"}]}},"acf":[],"_links":{"self":[{"href":"https:\/\/www.ionnyk.com\/fr\/wp-json\/wp\/v2\/pages\/7020"}],"collection":[{"href":"https:\/\/www.ionnyk.com\/fr\/wp-json\/wp\/v2\/pages"}],"about":[{"href":"https:\/\/www.ionnyk.com\/fr\/wp-json\/wp\/v2\/types\/page"}],"author":[{"embeddable":true,"href":"https:\/\/www.ionnyk.com\/fr\/wp-json\/wp\/v2\/users\/5"}],"replies":[{"embeddable":true,"href":"https:\/\/www.ionnyk.com\/fr\/wp-json\/wp\/v2\/comments?post=7020"}],"version-history":[{"count":137,"href":"https:\/\/www.ionnyk.com\/fr\/wp-json\/wp\/v2\/pages\/7020\/revisions"}],"predecessor-version":[{"id":10041,"href":"https:\/\/www.ionnyk.com\/fr\/wp-json\/wp\/v2\/pages\/7020\/revisions\/10041"}],"wp:attachment":[{"href":"https:\/\/www.ionnyk.com\/fr\/wp-json\/wp\/v2\/media?parent=7020"}],"curies":[{"name":"wp","href":"https:\/\/api.w.org\/{rel}","templated":true}]}}