{"id":519,"date":"2022-03-22T09:44:25","date_gmt":"2022-03-22T08:44:25","guid":{"rendered":"https:\/\/www.ionnyk.com\/?page_id=519"},"modified":"2025-06-19T13:07:32","modified_gmt":"2025-06-19T11:07:32","slug":"gdpr","status":"publish","type":"page","link":"https:\/\/www.ionnyk.com\/fr\/gdpr\/","title":{"rendered":"GDPR"},"content":{"rendered":"<p>[vc_row][vc_column][vc_column_text]<\/p>\n<h2><strong>Protection des donn\u00e9es \u00e0 caract\u00e8re personnel<\/strong><\/h2>\n<p>La soci\u00e9t\u00e9\u00a0<strong>INKCOMING SA<\/strong>, dont le si\u00e8ge est situ\u00e9 Avenue Reine Astrid 92, 1310 La Hulpe (Belgique), immatricul\u00e9e sous le num\u00e9ro\u00a0<strong>BE 0729.562.833<\/strong>, est responsable du traitement des donn\u00e9es personnelles collect\u00e9es via son site web et son application lors de la navigation ou de l\u2019achat de cadres IONNYK.<\/p>\n<h3>1. Finalit\u00e9s du traitement<\/h3>\n<p>Les donn\u00e9es personnelles sont collect\u00e9es et trait\u00e9es aux fins suivantes :<\/p>\n<ul>\n<li>Traitement et ex\u00e9cution des commandes (base l\u00e9gale : ex\u00e9cution contractuelle) ;<\/li>\n<li>Gestion de la relation client (base l\u00e9gale : int\u00e9r\u00eat l\u00e9gitime \/ contrat) ;<\/li>\n<li>Envoi de newsletters et offres commerciales (base l\u00e9gale : consentement explicite) ;<\/li>\n<li>Statistiques internes (base l\u00e9gale : int\u00e9r\u00eat l\u00e9gitime) ;<\/li>\n<li>Gestion RH si applicable (base l\u00e9gale : obligations l\u00e9gales ou relation contractuelle).<\/li>\n<\/ul>\n<h3>2. Cat\u00e9gories de donn\u00e9es trait\u00e9es<\/h3>\n<p>Les donn\u00e9es suivantes peuvent \u00eatre trait\u00e9es : nom, pr\u00e9nom, adresse postale, adresse e-mail, num\u00e9ro de t\u00e9l\u00e9phone, historique de commandes, informations de paiement, adresse IP et pr\u00e9f\u00e9rences marketing.<\/p>\n<h3>3. Destinataires des donn\u00e9es<\/h3>\n<p>Les donn\u00e9es ne sont jamais vendues \u00e0 des tiers. Elles peuvent \u00eatre transmises uniquement \u00e0 :<\/p>\n<ul>\n<li>Des sous-traitants techniques (h\u00e9bergeur, prestataires IT, prestataire de paiement s\u00e9curis\u00e9, etc.) ;<\/li>\n<li>Des prestataires agissant sur instruction stricte d\u2019INKCOMING SA, dans le respect du RGPD.<\/li>\n<\/ul>\n<p>Aucune donn\u00e9e n\u2019est transf\u00e9r\u00e9e hors de l\u2019Espace \u00e9conomique europ\u00e9en. Si tel devait \u00eatre le cas, les clauses contractuelles types de la Commission europ\u00e9enne seront utilis\u00e9es.<\/p>\n<h3>4. Dur\u00e9e de conservation<\/h3>\n<p>Les donn\u00e9es sont conserv\u00e9es pour la dur\u00e9e strictement n\u00e9cessaire \u00e0 la r\u00e9alisation des finalit\u00e9s ci-dessus ou pour r\u00e9pondre \u00e0 des obligations l\u00e9gales (ex. : facturation).<\/p>\n<h3>5. Vos droits<\/h3>\n<p>Conform\u00e9ment \u00e0 la l\u00e9gislation applicable, toute personne concern\u00e9e dispose des droits suivants :<\/p>\n<ul>\n<li>Droit d\u2019acc\u00e8s, de rectification, d\u2019effacement, de limitation du traitement ;<\/li>\n<li>Droit d\u2019opposition au traitement \u00e0 des fins de prospection commerciale ;<\/li>\n<li>Droit \u00e0 la portabilit\u00e9 de ses donn\u00e9es ;<\/li>\n<li>Droit de retirer son consentement \u00e0 tout moment, sans effet r\u00e9troactif.<\/li>\n<\/ul>\n<p>Ces droits peuvent \u00eatre exerc\u00e9s gratuitement, par :<\/p>\n<ul>\n<li>Email \u00e0\u00a0<strong><a rel=\"noopener\">info@ionnyk.com<\/a><\/strong><\/li>\n<li>Courrier \u00e0 : INKCOMING SA, Avenue Reine Astrid 92, 1310 La Hulpe, Belgique<\/li>\n<\/ul>\n<p>Si vous estimez que vos droits ne sont pas respect\u00e9s, vous pouvez introduire une plainte aupr\u00e8s de l\u2019<strong>Autorit\u00e9 de protection des donn\u00e9es<\/strong>\u00a0:<br \/>\n<a href=\"https:\/\/www.autoriteprotectiondonnees.be\/\" target=\"_blank\" rel=\"noopener\" data-saferedirecturl=\"https:\/\/www.google.com\/url?q=https:\/\/www.autoriteprotectiondonnees.be&amp;source=gmail&amp;ust=1750415547309000&amp;usg=AOvVaw23aiVLX31Hdl32sVmSZ8yw\">https:\/\/www.<wbr \/>autoriteprotectiondonnees.be<\/a>[\/vc_column_text][\/vc_column][\/vc_row]<\/p>\n","protected":false},"excerpt":{"rendered":"[vc_row][vc_column][vc_column_text] Protection des donn\u00e9es \u00e0 caract\u00e8re personnel La soci\u00e9t\u00e9\u00a0INKCOMING SA, dont le si\u00e8ge est situ\u00e9 Avenue Reine Astrid 92, 1310 La Hulpe (Belgique), immatricul\u00e9e sous le num\u00e9ro\u00a0BE 0729.562.833, est responsable du traitement des donn\u00e9es personnelles collect\u00e9es via son site web et son application lors de la navigation ou de l\u2019achat de cadres IONNYK. 1. Finalit\u00e9s&#8230; <a class=\"view-article\" href=\"https:\/\/www.ionnyk.com\/fr\/gdpr\/\">Voir l&rsquo;article<\/a>","protected":false},"author":1,"featured_media":0,"parent":0,"menu_order":82,"comment_status":"closed","ping_status":"open","template":"","meta":{"content-type":""},"yoast_head":"<!-- This site is optimized with the Yoast SEO Premium plugin v19.4 (Yoast SEO v19.9) - https:\/\/yoast.com\/wordpress\/plugins\/seo\/ -->\n<title>GDPR<\/title>\n<meta name=\"description\" content=\"IONNYK : The only paper like digital art frame\" \/>\n<meta name=\"robots\" content=\"index, follow, max-snippet:-1, max-image-preview:large, max-video-preview:-1\" \/>\n<link rel=\"canonical\" href=\"https:\/\/www.ionnyk.com\/fr\/gdpr\/\" \/>\n<meta property=\"og:locale\" content=\"fr_FR\" \/>\n<meta property=\"og:type\" content=\"article\" \/>\n<meta property=\"og:title\" content=\"GDPR\" \/>\n<meta property=\"og:description\" content=\"IONNYK : The only paper like digital art frame\" \/>\n<meta property=\"og:url\" content=\"https:\/\/www.ionnyk.com\/fr\/gdpr\/\" \/>\n<meta property=\"og:site_name\" content=\"IONNYK\" \/>\n<meta property=\"article:publisher\" content=\"https:\/\/www.facebook.com\/ionnyk.art\" \/>\n<meta property=\"article:modified_time\" content=\"2025-06-19T11:07:32+00:00\" \/>\n<meta property=\"og:image\" content=\"https:\/\/www.ionnyk.com\/wp-content\/uploads\/2022\/06\/ionnyk.png\" \/>\n\t<meta property=\"og:image:width\" content=\"2538\" \/>\n\t<meta property=\"og:image:height\" content=\"1188\" \/>\n\t<meta property=\"og:image:type\" content=\"image\/png\" \/>\n<meta name=\"twitter:card\" content=\"summary_large_image\" \/>\n<meta name=\"twitter:label1\" content=\"Dur\u00e9e de lecture estim\u00e9e\" \/>\n\t<meta name=\"twitter:data1\" content=\"2 minutes\" \/>\n<script type=\"application\/ld+json\" class=\"yoast-schema-graph\">{\"@context\":\"https:\/\/schema.org\",\"@graph\":[{\"@type\":\"WebPage\",\"@id\":\"https:\/\/www.ionnyk.com\/fr\/gdpr\/\",\"url\":\"https:\/\/www.ionnyk.com\/fr\/gdpr\/\",\"name\":\"GDPR\",\"isPartOf\":{\"@id\":\"https:\/\/www.ionnyk.com\/fr\/#website\"},\"datePublished\":\"2022-03-22T08:44:25+00:00\",\"dateModified\":\"2025-06-19T11:07:32+00:00\",\"description\":\"IONNYK : The only paper like digital art frame\",\"breadcrumb\":{\"@id\":\"https:\/\/www.ionnyk.com\/fr\/gdpr\/#breadcrumb\"},\"inLanguage\":\"fr-FR\",\"potentialAction\":[{\"@type\":\"ReadAction\",\"target\":[\"https:\/\/www.ionnyk.com\/fr\/gdpr\/\"]}]},{\"@type\":\"BreadcrumbList\",\"@id\":\"https:\/\/www.ionnyk.com\/fr\/gdpr\/#breadcrumb\",\"itemListElement\":[{\"@type\":\"ListItem\",\"position\":1,\"name\":\"Home\",\"item\":\"https:\/\/www.ionnyk.com\/fr\/\"},{\"@type\":\"ListItem\",\"position\":2,\"name\":\"GDPR\"}]},{\"@type\":\"WebSite\",\"@id\":\"https:\/\/www.ionnyk.com\/fr\/#website\",\"url\":\"https:\/\/www.ionnyk.com\/fr\/\",\"name\":\"IONNYK\",\"description\":\"The world&#039;s first e-paper Digital Art Frame\",\"potentialAction\":[{\"@type\":\"SearchAction\",\"target\":{\"@type\":\"EntryPoint\",\"urlTemplate\":\"https:\/\/www.ionnyk.com\/fr\/?s={search_term_string}\"},\"query-input\":\"required name=search_term_string\"}],\"inLanguage\":\"fr-FR\"}]}<\/script>\n<!-- \/ Yoast SEO Premium plugin. -->","yoast_head_json":{"title":"GDPR","description":"IONNYK : The only paper like digital art frame","robots":{"index":"index","follow":"follow","max-snippet":"max-snippet:-1","max-image-preview":"max-image-preview:large","max-video-preview":"max-video-preview:-1"},"canonical":"https:\/\/www.ionnyk.com\/fr\/gdpr\/","og_locale":"fr_FR","og_type":"article","og_title":"GDPR","og_description":"IONNYK : The only paper like digital art frame","og_url":"https:\/\/www.ionnyk.com\/fr\/gdpr\/","og_site_name":"IONNYK","article_publisher":"https:\/\/www.facebook.com\/ionnyk.art","article_modified_time":"2025-06-19T11:07:32+00:00","og_image":[{"width":2538,"height":1188,"url":"https:\/\/www.ionnyk.com\/wp-content\/uploads\/2022\/06\/ionnyk.png","type":"image\/png"}],"twitter_card":"summary_large_image","twitter_misc":{"Dur\u00e9e de lecture estim\u00e9e":"2 minutes"},"schema":{"@context":"https:\/\/schema.org","@graph":[{"@type":"WebPage","@id":"https:\/\/www.ionnyk.com\/fr\/gdpr\/","url":"https:\/\/www.ionnyk.com\/fr\/gdpr\/","name":"GDPR","isPartOf":{"@id":"https:\/\/www.ionnyk.com\/fr\/#website"},"datePublished":"2022-03-22T08:44:25+00:00","dateModified":"2025-06-19T11:07:32+00:00","description":"IONNYK : The only paper like digital art frame","breadcrumb":{"@id":"https:\/\/www.ionnyk.com\/fr\/gdpr\/#breadcrumb"},"inLanguage":"fr-FR","potentialAction":[{"@type":"ReadAction","target":["https:\/\/www.ionnyk.com\/fr\/gdpr\/"]}]},{"@type":"BreadcrumbList","@id":"https:\/\/www.ionnyk.com\/fr\/gdpr\/#breadcrumb","itemListElement":[{"@type":"ListItem","position":1,"name":"Home","item":"https:\/\/www.ionnyk.com\/fr\/"},{"@type":"ListItem","position":2,"name":"GDPR"}]},{"@type":"WebSite","@id":"https:\/\/www.ionnyk.com\/fr\/#website","url":"https:\/\/www.ionnyk.com\/fr\/","name":"IONNYK","description":"The world&#039;s first e-paper Digital Art Frame","potentialAction":[{"@type":"SearchAction","target":{"@type":"EntryPoint","urlTemplate":"https:\/\/www.ionnyk.com\/fr\/?s={search_term_string}"},"query-input":"required name=search_term_string"}],"inLanguage":"fr-FR"}]}},"acf":[],"_links":{"self":[{"href":"https:\/\/www.ionnyk.com\/fr\/wp-json\/wp\/v2\/pages\/519"}],"collection":[{"href":"https:\/\/www.ionnyk.com\/fr\/wp-json\/wp\/v2\/pages"}],"about":[{"href":"https:\/\/www.ionnyk.com\/fr\/wp-json\/wp\/v2\/types\/page"}],"author":[{"embeddable":true,"href":"https:\/\/www.ionnyk.com\/fr\/wp-json\/wp\/v2\/users\/1"}],"replies":[{"embeddable":true,"href":"https:\/\/www.ionnyk.com\/fr\/wp-json\/wp\/v2\/comments?post=519"}],"version-history":[{"count":4,"href":"https:\/\/www.ionnyk.com\/fr\/wp-json\/wp\/v2\/pages\/519\/revisions"}],"predecessor-version":[{"id":11105,"href":"https:\/\/www.ionnyk.com\/fr\/wp-json\/wp\/v2\/pages\/519\/revisions\/11105"}],"wp:attachment":[{"href":"https:\/\/www.ionnyk.com\/fr\/wp-json\/wp\/v2\/media?parent=519"}],"curies":[{"name":"wp","href":"https:\/\/api.w.org\/{rel}","templated":true}]}}