{"id":5148,"date":"2023-09-22T15:17:27","date_gmt":"2023-09-22T13:17:27","guid":{"rendered":"https:\/\/www.ionnyk.com\/?page_id=5148"},"modified":"2024-02-20T09:53:27","modified_gmt":"2024-02-20T08:53:27","slug":"experiences","status":"publish","type":"page","link":"https:\/\/www.ionnyk.com\/fr\/experiences\/","title":{"rendered":"Experiences"},"content":{"rendered":"<p>[vc_row][vc_column width=\u00a0\u00bb1\/6&Prime;][\/vc_column][vc_column width=\u00a0\u00bb2\/3&Prime;][vc_column_text]<\/p>\n<h2 style=\"text-align: center;\">Entrez dans notre univers et d\u00e9couvrez <strong>l\u2019exp\u00e9rience magique<\/strong> de nos <strong>cadres connect\u00e9s<\/strong>.<\/h2>\n<p>[\/vc_column_text][vc_column_text]<\/p>\n<p style=\"text-align: center;\">\u00c0 travers notre<strong> application mobile<\/strong>, les <strong>membres IONNYK<\/strong> peuvent <strong>vivre diff\u00e9rentes exp\u00e9riences<\/strong><\/p>\n<p>[\/vc_column_text][\/vc_column][vc_column width=\u00a0\u00bb1\/6&Prime;][\/vc_column][\/vc_row][vc_row][vc_column][vc_empty_space height=\u00a0\u00bb100px\u00a0\u00bb][\/vc_column][\/vc_row][vc_row content_placement=\u00a0\u00bbmiddle\u00a0\u00bb][vc_column width=\u00a0\u00bb6\/12&Prime;][vc_single_image image=\u00a0\u00bb5166&Prime; img_size=\u00a0\u00bbfull\u00a0\u00bb alignment=\u00a0\u00bbcenter\u00a0\u00bb][\/vc_column][vc_column width=\u00a0\u00bb1\/12&Prime;][\/vc_column][vc_column width=\u00a0\u00bb5\/12&Prime;][vc_column_text]<\/p>\n<h2 style=\"text-align: left;\"><em><strong>Contr\u00f4le<\/strong><\/em><\/h2>\n<p>[\/vc_column_text][vc_column_text]<\/p>\n<h3 style=\"text-align: left;\"><em><strong>Contr\u00f4lez votre galerie d&rsquo;art connect\u00e9e\u00a0<\/strong><\/em><\/h3>\n<p>[\/vc_column_text][vc_column_text]Devenez un <strong>membre IONNYK<\/strong> et <strong>contr\u00f4lez votre propre galerie d&rsquo;art connect\u00e9e<\/strong>. <strong>Pilotez votre cadre digital depuis votre application mobile<\/strong>, choisissez l&rsquo;\u0153uvre selon vos envies et <strong>exposez-la en seulement quelques secondes<\/strong>.[\/vc_column_text][vc_column_text]<strong>Cr\u00e9ez et programmez des collections<\/strong> en fonction de votre int\u00e9rieur ou de vos invit\u00e9s, <span class=\"ng\">orchestrez<\/span>\u00a0vos playlists et<strong> changez l&rsquo;atmosph\u00e8re de votre int\u00e9rieur<\/strong>. Les possibilit\u00e9s sont infinies&#8230;[\/vc_column_text][vc_raw_html]JTNDcCUyMHN0eWxlJTNEJTIydGV4dC1hbGlnbiUzQWxlZnQlM0IlMjIlM0UlM0NhJTIwaHJlZiUzRCUyMmh0dHBzJTNBJTJGJTJGcGxheS5nb29nbGUuY29tJTJGc3RvcmUlMkZhcHBzJTJGZGV0YWlscyUzRmlkJTNEY29tLmFrb21tb2JpbGUlMjZwbGklM0QxJTIyJTIwdGFyZ2V0JTNEJTIyX2JsYW5rJTIyJTIwY2xhc3MlM0QlMjJidG4lMjBidG4tc2Vjb25kYXJ5JTIyJTNFR29vZ2xlJTIwcGxheSUzQyUyRmElM0UlM0MlMkZwJTNF[\/vc_raw_html][vc_raw_html]JTNDcCUyMHN0eWxlJTNEJTIydGV4dC1hbGlnbiUzQWxlZnQlM0IlMjIlM0UlM0NhJTIwaHJlZiUzRCUyMmh0dHBzJTNBJTJGJTJGYXBwcy5hcHBsZS5jb20lMkZiZSUyRmFwcCUyRmlvbm55ayUyRmlkMTUwMjA4MDc2NSUyMiUyMHRhcmdldCUzRCUyMl9ibGFuayUyMiUyMGNsYXNzJTNEJTIyYnRuJTIwYnRuLXNlY29uZGFyeSUyMiUzRUFwcCUyMFN0b3JlJTNDJTJGYSUzRSUzQyUyRnAlM0U=[\/vc_raw_html][\/vc_column][\/vc_row][vc_row][vc_column][vc_empty_space height=\u00a0\u00bb100px\u00a0\u00bb][\/vc_column][\/vc_row][vc_row rtl_reverse=\u00a0\u00bbyes\u00a0\u00bb content_placement=\u00a0\u00bbmiddle\u00a0\u00bb][vc_column width=\u00a0\u00bb5\/12&Prime;][vc_column_text]<\/p>\n<h2 style=\"text-align: left;\"><em><strong>D\u00e9couverte<\/strong><\/em><\/h2>\n<p>[\/vc_column_text][vc_column_text]<\/p>\n<h3 style=\"text-align: left;\"><em><strong>D\u00e9couvrez notre collection<\/strong><\/em><\/h3>\n<p>[\/vc_column_text][vc_column_text]Gr\u00e2ce \u00e0 notre <strong>galerie d&rsquo;art connect\u00e9e en constante \u00e9volution<\/strong>, d\u00e9couvrez les \u0153uvres de nos <strong>artistes \u00e9mergents ou de renomm\u00e9e mondiale<\/strong>. S\u00e9lectionnez les <strong>th\u00e9matiques<\/strong>, suivez <strong>vos artistes coup de c\u0153ur<\/strong> ou laissez-vous surprendre par un<strong> catalogue sans cesse renouvel\u00e9<\/strong>. Au gr\u00e9 des saisons ou de <strong>vos envies<\/strong>, admirez des photographies<i> fine art <\/i>tri\u00e9es sur le volet.[\/vc_column_text][vc_raw_html]JTNDcCUyMHN0eWxlJTNEJTIydGV4dC1hbGlnbiUzQWxlZnQlM0IlMjIlM0UlM0NhJTIwaHJlZiUzRCUyMmh0dHBzJTNBJTJGJTJGd3d3Lmlvbm55ay5jb20lMkZmciUyRmFydHdvcmtzJTJGJTIyJTIwdGFyZ2V0JTNEJTIyX2JsYW5rJTIyJTIwY2xhc3MlM0QlMjJidG4lMjBidG4tc2Vjb25kYXJ5JTIyJTNFQXJ0d29ya3MlM0MlMkZhJTNFJTNDJTJGcCUzRQ==[\/vc_raw_html][\/vc_column][vc_column width=\u00a0\u00bb1\/12&Prime;][\/vc_column][vc_column width=\u00a0\u00bb6\/12&Prime;][vc_single_image image=\u00a0\u00bb5157&Prime; img_size=\u00a0\u00bbfull\u00a0\u00bb alignment=\u00a0\u00bbcenter\u00a0\u00bb][\/vc_column][\/vc_row][vc_row][vc_column][vc_empty_space height=\u00a0\u00bb100px\u00a0\u00bb][\/vc_column][\/vc_row][vc_row content_placement=\u00a0\u00bbmiddle\u00a0\u00bb][vc_column width=\u00a0\u00bb6\/12&Prime;][vc_single_image image=\u00a0\u00bb5179&Prime; img_size=\u00a0\u00bbfull\u00a0\u00bb alignment=\u00a0\u00bbcenter\u00a0\u00bb][\/vc_column][vc_column width=\u00a0\u00bb1\/12&Prime;][\/vc_column][vc_column width=\u00a0\u00bb5\/12&Prime;][vc_column_text]<\/p>\n<h2 style=\"text-align: left;\"><em><strong>Magie<\/strong><\/em><\/h2>\n<p>[\/vc_column_text][vc_column_text]<\/p>\n<h3 style=\"text-align: left;\"><strong><em>A Magical Piece of Art<\/em><\/strong><\/h3>\n<p>[\/vc_column_text][vc_column_text]Laissez-vous surprendre ou \u00e9tonnez votre entourage gr\u00e2ce \u00e0 des <strong>\u0153uvres d&rsquo;art magiques<\/strong>. <strong>Les \u00ab\u00a0Smart Art\u00a0\u00bb<\/strong> sont des\u00a0\u0153uvres qui <strong>\u00e9voluent avec le temps<\/strong>. Une <strong>exp\u00e9rience artistique in\u00e9dite.<\/strong>[\/vc_column_text][\/vc_column][\/vc_row][vc_row][vc_column][vc_empty_space height=\u00a0\u00bb100px\u00a0\u00bb][\/vc_column][\/vc_row][vc_row rtl_reverse=\u00a0\u00bbyes\u00a0\u00bb content_placement=\u00a0\u00bbmiddle\u00a0\u00bb][vc_column width=\u00a0\u00bb5\/12&Prime;][vc_single_image image=\u00a0\u00bb6851&Prime; img_size=\u00a0\u00bblarge\u00a0\u00bb][vc_column_text]Votre <strong>abonnement Discovery<\/strong> vous donne acc\u00e8s \u00e0 de <strong>nombreuses exp\u00e9riences<\/strong> dont<strong> les \u00abStories\u00bb<\/strong>. Chaque mois,<strong> acc\u00e9dez \u00e0 des tirages iconiques<\/strong> issus de <strong>maisons d&rsquo;archives prestigieuses<\/strong> et au contenu \u00e9ditorial qui les accompagne. Apprenez-en plus sur des <strong>moments cl\u00e9s de l&rsquo;Histoire<\/strong> ou admirez les <strong>portraits de vos personnalit\u00e9s favorites<\/strong>. Une exp\u00e9rience unique et enrichissante.[\/vc_column_text][\/vc_column][vc_column width=\u00a0\u00bb1\/12&Prime;][\/vc_column][vc_column width=\u00a0\u00bb6\/12&Prime;][vc_single_image image=\u00a0\u00bb5154&Prime; img_size=\u00a0\u00bbfull\u00a0\u00bb alignment=\u00a0\u00bbcenter\u00a0\u00bb][\/vc_column][\/vc_row][vc_row][vc_column][vc_empty_space height=\u00a0\u00bb100px\u00a0\u00bb][\/vc_column][\/vc_row][vc_row content_placement=\u00a0\u00bbmiddle\u00a0\u00bb][vc_column width=\u00a0\u00bb6\/12&Prime;][vc_single_image image=\u00a0\u00bb6632&Prime; img_size=\u00a0\u00bbfull\u00a0\u00bb alignment=\u00a0\u00bbcenter\u00a0\u00bb][\/vc_column][vc_column width=\u00a0\u00bb1\/12&Prime;][\/vc_column][vc_column width=\u00a0\u00bb5\/12&Prime;][vc_single_image image=\u00a0\u00bb6555&Prime; img_size=\u00a0\u00bblarge\u00a0\u00bb alignment=\u00a0\u00bbcenter\u00a0\u00bb][vc_column_text]<\/p>\n<h3 style=\"text-align: center;\"><em>\u201c<\/em><em><span class=\"ng\">\u00c9levez<\/span> vos plus belles photos personnelles <\/em><em>au rang d&rsquo;\u0153uvres d&rsquo;art<\/em><em>\u201d<\/em><\/h3>\n<p>[\/vc_column_text][vc_column_text]<\/p>\n<p style=\"text-align: left;\">Avec notre <strong>nouveau service <em>IONNYK \u00ab\u00a0Studio Prestige\u00a0\u00bb<\/em><\/strong>, il est d\u00e9sormais possible de <strong>profiter de photos personnelles avec votre cadre IONNYK<\/strong>.<\/p>\n<p>[\/vc_column_text][vc_column_text]Les photos de famille, les mariages ou tout autre<strong> \u00e9v\u00e9nement m\u00e9morable de la vie prendront une toute nouvelle dimension<\/strong> avec <strong>IONNYK et sa petite magie suppl\u00e9mentaire<\/strong>.[\/vc_column_text][vc_raw_html]JTNDcCUyMHN0eWxlJTNEJTIydGV4dC1hbGlnbiUzQWxlZnQlM0IlMjIlM0UlM0NhJTIwaHJlZiUzRCUyMmh0dHBzJTNBJTJGJTJGd3d3Lmlvbm55ay5jb20lMkZmciUyRmNvbnRhY3QlMkYlMjIlMjB0YXJnZXQlM0QlMjJfYmxhbmslMjIlMjBjbGFzcyUzRCUyMmJ0biUyMGJ0bi1zZWNvbmRhcnklMjIlM0VDb21tYW5kZXIlM0MlMkZhJTNFJTNDJTJGcCUzRQ==[\/vc_raw_html][\/vc_column][\/vc_row]<\/p>\n","protected":false},"excerpt":{"rendered":"[vc_row][vc_column width=\u00a0\u00bb1\/6&Prime;][\/vc_column][vc_column width=\u00a0\u00bb2\/3&Prime;][vc_column_text] Entrez dans notre univers et d\u00e9couvrez l\u2019exp\u00e9rience magique de nos cadres connect\u00e9s. [\/vc_column_text][vc_column_text] \u00c0 travers notre application mobile, les membres IONNYK peuvent vivre diff\u00e9rentes exp\u00e9riences [\/vc_column_text][\/vc_column][vc_column width=\u00a0\u00bb1\/6&Prime;][\/vc_column][\/vc_row][vc_row][vc_column][vc_empty_space height=\u00a0\u00bb100px\u00a0\u00bb][\/vc_column][\/vc_row][vc_row content_placement=\u00a0\u00bbmiddle\u00a0\u00bb][vc_column width=\u00a0\u00bb6\/12&Prime;][vc_single_image image=\u00a0\u00bb5166&Prime; img_size=\u00a0\u00bbfull\u00a0\u00bb alignment=\u00a0\u00bbcenter\u00a0\u00bb][\/vc_column][vc_column width=\u00a0\u00bb1\/12&Prime;][\/vc_column][vc_column width=\u00a0\u00bb5\/12&Prime;][vc_column_text] Contr\u00f4le [\/vc_column_text][vc_column_text] Contr\u00f4lez votre galerie d&rsquo;art connect\u00e9e\u00a0 [\/vc_column_text][vc_column_text]Devenez un membre IONNYK et contr\u00f4lez votre propre galerie d&rsquo;art&#8230; <a class=\"view-article\" href=\"https:\/\/www.ionnyk.com\/fr\/experiences\/\">Voir l&rsquo;article<\/a>","protected":false},"author":1,"featured_media":0,"parent":0,"menu_order":0,"comment_status":"closed","ping_status":"closed","template":"","meta":{"content-type":""},"yoast_head":"<!-- This site is optimized with the Yoast SEO Premium plugin v19.4 (Yoast SEO v19.9) - https:\/\/yoast.com\/wordpress\/plugins\/seo\/ -->\n<title>Experiences<\/title>\n<meta name=\"description\" content=\"IONNYK : The only paper like digital art frame\" \/>\n<meta name=\"robots\" content=\"index, follow, max-snippet:-1, max-image-preview:large, max-video-preview:-1\" \/>\n<link rel=\"canonical\" href=\"https:\/\/www.ionnyk.com\/fr\/experiences\/\" \/>\n<meta property=\"og:locale\" content=\"fr_FR\" \/>\n<meta property=\"og:type\" content=\"article\" \/>\n<meta property=\"og:title\" content=\"Experiences\" \/>\n<meta property=\"og:description\" content=\"IONNYK : The only paper like digital art frame\" \/>\n<meta property=\"og:url\" content=\"https:\/\/www.ionnyk.com\/fr\/experiences\/\" \/>\n<meta property=\"og:site_name\" content=\"IONNYK\" \/>\n<meta property=\"article:publisher\" content=\"https:\/\/www.facebook.com\/ionnyk.art\" \/>\n<meta property=\"article:modified_time\" content=\"2024-02-20T08:53:27+00:00\" \/>\n<meta property=\"og:image\" content=\"https:\/\/www.ionnyk.com\/wp-content\/uploads\/2022\/06\/ionnyk.png\" \/>\n\t<meta property=\"og:image:width\" content=\"2538\" \/>\n\t<meta property=\"og:image:height\" content=\"1188\" \/>\n\t<meta property=\"og:image:type\" content=\"image\/png\" \/>\n<meta name=\"twitter:card\" content=\"summary_large_image\" \/>\n<meta name=\"twitter:label1\" content=\"Dur\u00e9e de lecture estim\u00e9e\" \/>\n\t<meta name=\"twitter:data1\" content=\"2 minutes\" \/>\n<script type=\"application\/ld+json\" class=\"yoast-schema-graph\">{\"@context\":\"https:\/\/schema.org\",\"@graph\":[{\"@type\":\"WebPage\",\"@id\":\"https:\/\/www.ionnyk.com\/fr\/experiences\/\",\"url\":\"https:\/\/www.ionnyk.com\/fr\/experiences\/\",\"name\":\"Experiences\",\"isPartOf\":{\"@id\":\"https:\/\/www.ionnyk.com\/fr\/#website\"},\"datePublished\":\"2023-09-22T13:17:27+00:00\",\"dateModified\":\"2024-02-20T08:53:27+00:00\",\"description\":\"IONNYK : The only paper like digital art frame\",\"breadcrumb\":{\"@id\":\"https:\/\/www.ionnyk.com\/fr\/experiences\/#breadcrumb\"},\"inLanguage\":\"fr-FR\",\"potentialAction\":[{\"@type\":\"ReadAction\",\"target\":[\"https:\/\/www.ionnyk.com\/fr\/experiences\/\"]}]},{\"@type\":\"BreadcrumbList\",\"@id\":\"https:\/\/www.ionnyk.com\/fr\/experiences\/#breadcrumb\",\"itemListElement\":[{\"@type\":\"ListItem\",\"position\":1,\"name\":\"Home\",\"item\":\"https:\/\/www.ionnyk.com\/fr\/\"},{\"@type\":\"ListItem\",\"position\":2,\"name\":\"Experiences\"}]},{\"@type\":\"WebSite\",\"@id\":\"https:\/\/www.ionnyk.com\/fr\/#website\",\"url\":\"https:\/\/www.ionnyk.com\/fr\/\",\"name\":\"IONNYK\",\"description\":\"The world&#039;s first e-paper Digital Art Frame\",\"potentialAction\":[{\"@type\":\"SearchAction\",\"target\":{\"@type\":\"EntryPoint\",\"urlTemplate\":\"https:\/\/www.ionnyk.com\/fr\/?s={search_term_string}\"},\"query-input\":\"required name=search_term_string\"}],\"inLanguage\":\"fr-FR\"}]}<\/script>\n<!-- \/ Yoast SEO Premium plugin. -->","yoast_head_json":{"title":"Experiences","description":"IONNYK : The only paper like digital art frame","robots":{"index":"index","follow":"follow","max-snippet":"max-snippet:-1","max-image-preview":"max-image-preview:large","max-video-preview":"max-video-preview:-1"},"canonical":"https:\/\/www.ionnyk.com\/fr\/experiences\/","og_locale":"fr_FR","og_type":"article","og_title":"Experiences","og_description":"IONNYK : The only paper like digital art frame","og_url":"https:\/\/www.ionnyk.com\/fr\/experiences\/","og_site_name":"IONNYK","article_publisher":"https:\/\/www.facebook.com\/ionnyk.art","article_modified_time":"2024-02-20T08:53:27+00:00","og_image":[{"width":2538,"height":1188,"url":"https:\/\/www.ionnyk.com\/wp-content\/uploads\/2022\/06\/ionnyk.png","type":"image\/png"}],"twitter_card":"summary_large_image","twitter_misc":{"Dur\u00e9e de lecture estim\u00e9e":"2 minutes"},"schema":{"@context":"https:\/\/schema.org","@graph":[{"@type":"WebPage","@id":"https:\/\/www.ionnyk.com\/fr\/experiences\/","url":"https:\/\/www.ionnyk.com\/fr\/experiences\/","name":"Experiences","isPartOf":{"@id":"https:\/\/www.ionnyk.com\/fr\/#website"},"datePublished":"2023-09-22T13:17:27+00:00","dateModified":"2024-02-20T08:53:27+00:00","description":"IONNYK : The only paper like digital art frame","breadcrumb":{"@id":"https:\/\/www.ionnyk.com\/fr\/experiences\/#breadcrumb"},"inLanguage":"fr-FR","potentialAction":[{"@type":"ReadAction","target":["https:\/\/www.ionnyk.com\/fr\/experiences\/"]}]},{"@type":"BreadcrumbList","@id":"https:\/\/www.ionnyk.com\/fr\/experiences\/#breadcrumb","itemListElement":[{"@type":"ListItem","position":1,"name":"Home","item":"https:\/\/www.ionnyk.com\/fr\/"},{"@type":"ListItem","position":2,"name":"Experiences"}]},{"@type":"WebSite","@id":"https:\/\/www.ionnyk.com\/fr\/#website","url":"https:\/\/www.ionnyk.com\/fr\/","name":"IONNYK","description":"The world&#039;s first e-paper Digital Art Frame","potentialAction":[{"@type":"SearchAction","target":{"@type":"EntryPoint","urlTemplate":"https:\/\/www.ionnyk.com\/fr\/?s={search_term_string}"},"query-input":"required name=search_term_string"}],"inLanguage":"fr-FR"}]}},"acf":[],"_links":{"self":[{"href":"https:\/\/www.ionnyk.com\/fr\/wp-json\/wp\/v2\/pages\/5148"}],"collection":[{"href":"https:\/\/www.ionnyk.com\/fr\/wp-json\/wp\/v2\/pages"}],"about":[{"href":"https:\/\/www.ionnyk.com\/fr\/wp-json\/wp\/v2\/types\/page"}],"author":[{"embeddable":true,"href":"https:\/\/www.ionnyk.com\/fr\/wp-json\/wp\/v2\/users\/1"}],"replies":[{"embeddable":true,"href":"https:\/\/www.ionnyk.com\/fr\/wp-json\/wp\/v2\/comments?post=5148"}],"version-history":[{"count":40,"href":"https:\/\/www.ionnyk.com\/fr\/wp-json\/wp\/v2\/pages\/5148\/revisions"}],"predecessor-version":[{"id":6870,"href":"https:\/\/www.ionnyk.com\/fr\/wp-json\/wp\/v2\/pages\/5148\/revisions\/6870"}],"wp:attachment":[{"href":"https:\/\/www.ionnyk.com\/fr\/wp-json\/wp\/v2\/media?parent=5148"}],"curies":[{"name":"wp","href":"https:\/\/api.w.org\/{rel}","templated":true}]}}