{"id":12495,"date":"2026-03-09T15:41:20","date_gmt":"2026-03-09T14:41:20","guid":{"rendered":"https:\/\/www.ionnyk.com\/?page_id=12495"},"modified":"2026-04-02T14:50:03","modified_gmt":"2026-04-02T12:50:03","slug":"b2b-cabinet","status":"publish","type":"page","link":"https:\/\/www.ionnyk.com\/fr\/b2b-cabinet\/","title":{"rendered":"B2B cabinet"},"content":{"rendered":"<p>[vc_row][vc_column][vc_empty_space height=\u00a0\u00bb60px\u00a0\u00bb][\/vc_column][\/vc_row][vc_row content_placement=\u00a0\u00bbmiddle\u00a0\u00bb][vc_column width=\u00a0\u00bb5\/12&Prime;][vc_column_text]<\/p>\n<h3><strong>Cr\u00e9ez une exp\u00e9rience artistique immersive et sur-mesure, pens\u00e9e pour vos espaces professionnels et vos clients.<\/strong><\/h3>\n<p>[\/vc_column_text][vc_column_text]Apportez une touche de magie qui marque les esprits et valorise votre activit\u00e9.[\/vc_column_text][vc_raw_html el_class=\u00a0\u00bbtext-left\u00a0\u00bb]JTNDYSUyMGhyZWYlM0QlMjIlMjNmb3JtLWxhbmRpbmclMjIlMjBjbGFzcyUzRCUyMmJ0biUyMGJ0bi1zZWNvbmRhcnklMjIlM0VEaXNjdXRvbnMlMjBkZSUyMHZvdHJlJTIwcHJvamV0JTNDJTJGYSUzRQ==[\/vc_raw_html][\/vc_column][vc_column width=\u00a0\u00bb6\/12&Prime;][vc_raw_html]JTNDdmlkZW8lMjBzdHlsZSUzRCUyMm1heC13aWR0aCUzQTEwMCUyNSUzQiUyMiUyMGF1dG9wbGF5JTNEJTIyJTIyJTIwbXV0ZWQlM0QlMjIlMjIlMjBsb29wJTNEJTIyJTIyJTIwcGxheXNpbmxpbmUlM0QlMjIlMjIlM0UlMEElMjAlMjAlMjAlMjAlMjAlMjAlMjAlMjAlMjAlMjAlMjAlMjAlM0Nzb3VyY2UlMjBzcmMlM0QlMjJodHRwcyUzQSUyRiUyRnd3dy5pb25ueWsuY29tJTJGd3AtY29udGVudCUyRnVwbG9hZHMlMkYyMDI0JTJGMDMlMkZMaW5uLUZsaWNrLm1vdiUyMnZpZGVvJTJGbXA0JTIyJTNFJTBBJTIwWW91ciUyMGJyb3dzZXIlMjBkb2VzJTIwbm90JTIwc3VwcG9ydCUyMHRoZSUyMHZpZGVvJTIwdGFnLiUwQSUyMCUyMCUyMCUyMCUyMCUyMCUyMCUyMCUzQyUyRnNvdXJjZSUzRSUzQyUyRnZpZGVvJTNF[\/vc_raw_html][\/vc_column][vc_column width=\u00a0\u00bb1\/12&Prime;][\/vc_column][\/vc_row][vc_row content_placement=\u00a0\u00bbmiddle\u00a0\u00bb bg_type=\u00a0\u00bbbg_color\u00a0\u00bb bg_override=\u00a0\u00bbfull\u00a0\u00bb bg_color_value=\u00a0\u00bb#ffffff\u00a0\u00bb][vc_column width=\u00a0\u00bb1\/3&Prime;][vc_column_text]<\/p>\n<h3 class=\"p2\" style=\"text-align: center;\"><span style=\"color: #000000;\">Une exp\u00e9rience immersive unique<\/span><\/h3>\n<h4 class=\"p2\" style=\"text-align: center;\"><\/h4>\n<h4 class=\"p2\" style=\"text-align: center;\"><\/h4>\n<h4 class=\"p2\" style=\"text-align: center;\"><\/h4>\n<p>[\/vc_column_text][\/vc_column][vc_column width=\u00a0\u00bb1\/3&Prime;][vc_column_text]<\/p>\n<h3 class=\"p2\" style=\"text-align: center;\"><span style=\"color: #000000;\">100% sans c\u00e2ble et durable\u00a0<\/span><\/h3>\n<h4 class=\"p2\" style=\"text-align: center;\"><\/h4>\n<h4 class=\"p2\" style=\"text-align: center;\"><\/h4>\n<h4 class=\"p2\" style=\"text-align: center;\"><\/h4>\n<p>[\/vc_column_text][\/vc_column][vc_column width=\u00a0\u00bb1\/3&Prime;][vc_column_text]<\/p>\n<h3 class=\"p2\" style=\"text-align: center;\"><span style=\"color: #000000;\">Un rendu argentique intemporel\u00a0<\/span><\/h3>\n<h3 class=\"p2\" style=\"text-align: center;\"><\/h3>\n<h4 class=\"p2\" style=\"text-align: center;\"><\/h4>\n<h4 class=\"p2\" style=\"text-align: center;\"><\/h4>\n<h4 class=\"p2\" style=\"text-align: center;\"><\/h4>\n<p>[\/vc_column_text][\/vc_column][\/vc_row][vc_row][vc_column][vc_empty_space][vc_column_text]<\/p>\n<h3 style=\"text-align: center;\"><strong>Transformez vos espaces en exp\u00e9riences <\/strong><\/h3>\n<h3 style=\"text-align: center;\"><strong>artistiques uniques, tout en g\u00e9n\u00e9rant <\/strong><\/h3>\n<h3 style=\"text-align: center;\"><strong>un revenu mesurable.<\/strong><\/h3>\n<h3 style=\"text-align: center;\"><\/h3>\n<p>[\/vc_column_text][vc_single_image image=\u00a0\u00bb12780&Prime; img_size=\u00a0\u00bblarge\u00a0\u00bb alignment=\u00a0\u00bbcenter\u00a0\u00bb][vc_column_text]<\/p>\n<div class=\"wpb_text_column wpb_content_element \">\n<div class=\"wpb_wrapper\">\n<p style=\"text-align: left;\">Chaque cadre s\u2019accompagne d\u2019un <strong>QR code en laiton<\/strong> discret, invitant vos visiteurs \u00e0 <strong>d\u00e9couvrir l\u2019univers IONNYK<\/strong> et <strong>l\u2019histoire de notre collaboration<\/strong>.<\/p>\n<\/div>\n<\/div>\n<p>[\/vc_column_text][vc_column_text]<\/p>\n<div class=\"wpb_text_column wpb_content_element \">\n<div class=\"wpb_wrapper\">\n<p style=\"text-align: left;\">Les <strong>acquisitions<\/strong> r\u00e9alis\u00e9es \u00e0 la suite de leur visite vous donnent acc\u00e8s \u00e0 <strong>une commission<\/strong>, m\u00eame plusieurs mois plus tard.<\/p>\n<p style=\"text-align: left;\">Sans complexit\u00e9, sans contrainte. Votre <strong>espace gagne en prestige<\/strong>, votre signature s\u2019affirme, et votre affiliation devient un v\u00e9ritable actif.<\/p>\n<\/div>\n<\/div>\n<p>[\/vc_column_text][vc_raw_html el_class=\u00a0\u00bbtext-center\u00a0\u00bb]JTNDYSUyMGhyZWYlM0QlMjIlMjNmb3JtLWxhbmRpbmclMjIlMjBjbGFzcyUzRCUyMmJ0biUyMGJ0bi1zZWNvbmRhcnklMjIlM0VSZWpvaW5kcmUlMjBsZSUyMHByb2dyYW1tZSUzQyUyRmElM0U=[\/vc_raw_html][\/vc_column][\/vc_row][vc_row][vc_column][vc_empty_space][vc_separator color=\u00a0\u00bbwhite\u00a0\u00bb el_width=\u00a0\u00bb50&Prime;][vc_column_text]<\/p>\n<h3 style=\"text-align: center;\"><strong>L&rsquo;innovation et l&rsquo;art au service de vos projets<\/strong><\/h3>\n<p>[\/vc_column_text][\/vc_column][\/vc_row][vc_row][vc_column][vc_single_image image=\u00a0\u00bb12860&Prime; img_size=\u00a0\u00bbmedium\u00a0\u00bb alignment=\u00a0\u00bbcenter\u00a0\u00bb][vc_column_text]<\/p>\n<p style=\"text-align: left;\"><strong>Renaissance Clinic, situ\u00e9e au c\u0153ur de Nice.<\/strong><\/p>\n<p style=\"text-align: left;\">Les cadres IONNYK ont \u00e9t\u00e9 choisis pour accompagner le projet de d\u00e9coration int\u00e9rieure d\u2019un grand cabinet de chirurgie esth\u00e9tique sur la C\u00f4te d\u2019Azur, avec une ambition claire: offrir une exp\u00e9rience artistique premium, \u00e9l\u00e9gante et apaisante, en parfaite coh\u00e9rence avec l\u2019excellence des soins propos\u00e9s.<\/p>\n<p>[\/vc_column_text][vc_single_image image=\u00a0\u00bb12863&Prime; img_size=\u00a0\u00bblarge\u00a0\u00bb alignment=\u00a0\u00bbcenter\u00a0\u00bb][\/vc_column][\/vc_row][vc_row][vc_column][vc_column_text]<\/p>\n<div class=\"wpb_text_column wpb_content_element \">\n<div class=\"wpb_wrapper\">\n<h3 style=\"text-align: center;\"><strong>Votre prochain projet ? Discutons-en<\/strong><\/h3>\n<\/div>\n<\/div>\n<div class=\"wpb_text_column wpb_content_element \">\n<div class=\"wpb_wrapper\">\n<p style=\"text-align: left;\">Notre \u00e9quipe se tient \u00e0 votre disposition pour vous conseiller dans l\u2019int\u00e9gration d\u2019art et de nouvelles technologies dans vos futurs projets.<\/p>\n<\/div>\n<\/div>\n<p>[\/vc_column_text][vc_raw_html el_class=\u00a0\u00bbtext-center\u00a0\u00bb]JTNDYSUyMGhyZWYlM0QlMjIlMjNmb3JtLWxhbmRpbmclMjIlMjBjbGFzcyUzRCUyMmJ0biUyMGJ0bi1zZWNvbmRhcnklMjIlM0VDb250YWN0ZXotbm91cyUzQyUyRmElM0U=[\/vc_raw_html][vc_empty_space][vc_separator][vc_column_text]<\/p>\n<h3 class=\"p1\" style=\"text-align: center;\"><strong>Ils parlent de nous dans la presse<\/strong><\/h3>\n<p>[\/vc_column_text][vc_separator]<div id=\"ult-carousel-142568076069f547b5deb57\" class=\"ult-carousel-wrapper   ult_horizontal\" data-gutter=\"15\" data-rtl=\"false\" ><div class=\"ult-carousel-91370907769f547b5de9bf \" >[vc_row_inner][vc_column_inner][vc_single_image image=\u00a0\u00bb10809&Prime; img_size=\u00a0\u00bbmedium\u00a0\u00bb alignment=\u00a0\u00bbcenter\u00a0\u00bb][vc_column_text]<\/p>\n<p style=\"text-align: center;\">\u201cUn rendu incroyable qui s\u00e9duit tout autant les particuliers que les professionnels.\u201d<\/p>\n<p>[\/vc_column_text][\/vc_column_inner][\/vc_row_inner][vc_row_inner][vc_column_inner][vc_single_image image=\u00a0\u00bb10803&Prime; img_size=\u00a0\u00bbmedium\u00a0\u00bb alignment=\u00a0\u00bbcenter\u00a0\u00bb][vc_column_text]<\/p>\n<p style=\"text-align: center;\">\u201cCompos\u00e9 de millions de capsules d&rsquo;encre noire et blanche qui bougent dans le temps et dans l&rsquo;espace, IONNYK propose un rendez-vous immersif avec la photographie.\u201d<\/p>\n<p>[\/vc_column_text][\/vc_column_inner][\/vc_row_inner][vc_row_inner][vc_column_inner][vc_single_image image=\u00a0\u00bb657&Prime; img_size=\u00a0\u00bbmedium\u00a0\u00bb alignment=\u00a0\u00bbcenter\u00a0\u00bb][vc_empty_space][vc_column_text]<\/p>\n<p style=\"text-align: center;\">\u201cUne Master Piece, fabrique\u0301e en Belgique, qui fait passer l\u2019expe\u0301rience de l\u2019art a\u0300 un niveau supe\u0301rieur en offrant le luxe d\u2019une expe\u0301rience artistique immersive ine\u0301gale\u0301e.\u201d<\/p>\n<p>[\/vc_column_text][\/vc_column_inner][\/vc_row_inner][vc_row_inner][vc_column_inner][vc_single_image image=\u00a0\u00bb12694&Prime; img_size=\u00a0\u00bbmedium\u00a0\u00bb alignment=\u00a0\u00bbcenter\u00a0\u00bb][vc_column_text]<\/p>\n<p style=\"text-align: center;\">\u201cV\u00e9ritable Spotify de l&rsquo;art, le cadre connect\u00e9 IONNYK \u00e9volue au gr\u00e9 des collections pour transformer les espaces en mus\u00e9e.\u201d<\/p>\n<p>[\/vc_column_text][\/vc_column_inner][\/vc_row_inner]<\/div><\/div>\t\t\t<script type=\"text\/javascript\">\r\n\t\t\t\tjQuery(document).ready(function ($) {\r\n\t\t\t\t\tif( typeof jQuery('.ult-carousel-91370907769f547b5de9bf').slick == \"function\"){\r\n\t\t\t\t\t\t$('.ult-carousel-91370907769f547b5de9bf').slick({dots: true,autoplay: true,autoplaySpeed: 5000,speed: 300,infinite: true,arrows: true,nextArrow: '<button type=\"button\" role=\"button\" aria-label=\"Next\" style=\"color:#ffffff; font-size:20px;\" class=\"slick-next default\"><i class=\"ultsl-arrow-right6\"><\/i><\/button>',prevArrow: '<button type=\"button\" role=\"button\" aria-label=\"Previous\" style=\"color:#ffffff; font-size:20px;\" class=\"slick-prev default\"><i class=\"ultsl-arrow-left6\"><\/i><\/button>',slidesToScroll:1,slidesToShow:1,swipe: true,draggable: true,touchMove: true,pauseOnHover: true,responsive: [\r\n\t\t\t\t\t\t\t{\r\n\t\t\t\t\t\t\t  breakpoint: 1025,\r\n\t\t\t\t\t\t\t  settings: {\r\n\t\t\t\t\t\t\t\tslidesToShow: 1,\r\n\t\t\t\t\t\t\t\tslidesToScroll: 1,  \r\n\t\t\t\t\t\t\t  }\r\n\t\t\t\t\t\t\t},\r\n\t\t\t\t\t\t\t{\r\n\t\t\t\t\t\t\t  breakpoint: 769,\r\n\t\t\t\t\t\t\t  settings: {\r\n\t\t\t\t\t\t\t\tslidesToShow: 1,\r\n\t\t\t\t\t\t\t\tslidesToScroll: 1\r\n\t\t\t\t\t\t\t  }\r\n\t\t\t\t\t\t\t},\r\n\t\t\t\t\t\t\t{\r\n\t\t\t\t\t\t\t  breakpoint: 481,\r\n\t\t\t\t\t\t\t  settings: {\r\n\t\t\t\t\t\t\t\tslidesToShow: 1,\r\n\t\t\t\t\t\t\t\tslidesToScroll: 1\r\n\t\t\t\t\t\t\t  }\r\n\t\t\t\t\t\t\t}\r\n\t\t\t\t\t\t],pauseOnDotsHover: true,customPaging: function(slider, i) {\r\n                   return '<i type=\"button\" style= \"color:#ffffff;\" class=\"ultsl-record\" data-role=\"none\"><\/i>';\r\n                },});\r\n\t\t\t\t\t}\r\n\t\t\t\t});\r\n\t\t\t<\/script>\r\n\t\t\t[vc_empty_space][vc_empty_space][\/vc_column][\/vc_row][vc_row content_placement=\u00a0\u00bbmiddle\u00a0\u00bb][vc_column width=\u00a0\u00bb6\/12&Prime;][vc_single_image image=\u00a0\u00bb7860&Prime; img_size=\u00a0\u00bbfull\u00a0\u00bb alignment=\u00a0\u00bbcenter\u00a0\u00bb][\/vc_column][vc_column width=\u00a0\u00bb5\/12&Prime;][vc_column_text]<\/p>\n<h3 data-start=\"83\" data-end=\"199\"><strong>Votre signature<\/strong><\/h3>\n<p>[\/vc_column_text][vc_column_text]<\/p>\n<p data-start=\"83\" data-end=\"199\">Acc\u00e9dez \u00e0 une <strong>galerie d\u2019art connect\u00e9e<\/strong> via une application. Profitez d\u2019une <strong>exp\u00e9rience artistique immersive<\/strong>, adapt\u00e9e \u00e0 chaque espace et \u00e0 votre identit\u00e9. <strong>L\u2019art devient une signature<\/strong> qui valorise votre image de marque et l\u2019exp\u00e9rience client.<\/p>\n<p>[\/vc_column_text][\/vc_column][vc_column width=\u00a0\u00bb1\/12&Prime;][\/vc_column][\/vc_row][vc_row rtl_reverse=\u00a0\u00bbyes\u00a0\u00bb content_placement=\u00a0\u00bbmiddle\u00a0\u00bb][vc_column width=\u00a0\u00bb1\/2&Prime;][vc_column_text]<\/p>\n<h3 class=\"p1\"><strong>Des atouts exceptionnels<\/strong><\/h3>\n<p>[\/vc_column_text][vc_column_text]Pour une d\u00e9coration murale r\u00e9versible, durable et surprenante, notre cadre d\u2019art est <strong>sans c\u00e2ble ni \u00e9mission de lumi\u00e8re<\/strong> et offre <strong>jusqu\u2019\u00e0 un an d\u2019autonomie sur un seul cycle de recharge<\/strong>. Int\u00e9grez-le facilement dans vos projets, sans contrainte.[\/vc_column_text][\/vc_column][vc_column width=\u00a0\u00bb1\/2&Prime;][vc_single_image image=\u00a0\u00bb7871&Prime; img_size=\u00a0\u00bbfull\u00a0\u00bb alignment=\u00a0\u00bbcenter\u00a0\u00bb][\/vc_column][\/vc_row][vc_row content_placement=\u00a0\u00bbmiddle\u00a0\u00bb][vc_column width=\u00a0\u00bb1\/2&Prime;][vc_raw_html]JTNDdmlkZW8lMjBzdHlsZSUzRCUyMndpZHRoJTNBMTAwJTI1JTNCJTIyJTIwYXV0b3BsYXklM0QlMjIlMjIlMjBtdXRlZCUzRCUyMiUyMiUyMGxvb3AlM0QlMjIlMjIlMjBwbGF5c2lubGluZSUzRCUyMiUyMiUzRSUwQSUyMCUyMCUyMCUyMCUyMCUyMCUyMCUyMCUyMCUyMCUyMCUyMCUzQ3NvdXJjZSUyMHNyYyUzRCUyMmh0dHBzJTNBJTJGJTJGd3d3Lmlvbm55ay5jb20lMkZ3cC1jb250ZW50JTJGdXBsb2FkcyUyRjIwMjQlMkYwMyUyRk9VSUxJTkUtMS5tb3YlMjIlM0UlMEElMjAlMjAlMjAlMjAlMjAlMjAlMjAlMjAlMjAlMjAlMjAlMjBZb3VyJTIwYnJvd3NlciUyMGRvZXMlMjBub3QlMjBzdXBwb3J0JTIwdGhlJTIwdmlkZW8lMjB0YWcuJTBBJTIwJTIwJTIwJTIwJTIwJTIwJTIwJTIwJTNDJTJGdmlkZW8lM0U=[\/vc_raw_html][\/vc_column][vc_column width=\u00a0\u00bb1\/2&Prime;][vc_column_text]<\/p>\n<h3 class=\"p1\"><strong>La magie du papier \u00e9lectronique<\/strong><\/h3>\n<p>[\/vc_column_text][vc_column_text]Des <strong>millions de capsules d\u2019encre<\/strong> en mouvement reproduisent fid\u00e8lement <strong>l\u2019apparence de l\u2019encre traditionnelle sur papier<\/strong>. Comparable \u00e0 une impression argentique classique, notre cadre apporte une \u00e9l\u00e9gance intemporelle \u00e0 vos projets, avec une petite touche de magie.[\/vc_column_text][\/vc_column][\/vc_row][vc_row content_placement=\u00a0\u00bbmiddle\u00a0\u00bb el_class=\u00a0\u00bbrow-reverse\u00a0\u00bb][vc_column width=\u00a0\u00bb1\/2&Prime;][vc_column_text]<strong>\u2022 Attirez vos clients avec une d\u00e9coration raffin\u00e9e, \u00e0 votre image<\/strong><br \/>\n<strong>\u2022 D\u00e9marquez-vous gr\u00e2ce \u00e0 une exp\u00e9rience artistique unique<\/strong><br \/>\n<strong>\u2022 G\u00e9n\u00e9rez des revenus \u00e0 chaque client s\u00e9duit<\/strong>[\/vc_column_text][\/vc_column][vc_column width=\u00a0\u00bb1\/2&Prime;][vc_single_image image=\u00a0\u00bb7863&Prime; img_size=\u00a0\u00bbfull\u00a0\u00bb alignment=\u00a0\u00bbcenter\u00a0\u00bb][\/vc_column][\/vc_row][vc_row][vc_column][vc_empty_space height=\u00a0\u00bb60px\u00a0\u00bb][vc_column_text]<\/p>\n<div class=\"wpb_text_column wpb_content_element \">\n<div class=\"wpb_wrapper\">\n<h3 style=\"text-align: center;\"><strong>Int\u00e9grez IONNYK dans vos projets<\/strong><\/h3>\n<\/div>\n<\/div>\n<p>[\/vc_column_text][vc_raw_html el_id=\u00a0\u00bbform-landing\u00a0\u00bb el_class=\u00a0\u00bbtext-center\u00a0\u00bb]JTNDc2NyaXB0JTIwY2hhcnNldCUzRCUyMnV0Zi04JTIyJTIwdHlwZSUzRCUyMnRleHQlMkZqYXZhc2NyaXB0JTIyJTIwc3JjJTNEJTIyJTJGJTJGanMuaHNmb3Jtcy5uZXQlMkZmb3JtcyUyRmVtYmVkJTJGdjIuanMlMjIlM0UlM0MlMkZzY3JpcHQlM0UlMEElM0NzY3JpcHQlM0UlMEElMjAlMjBoYnNwdC5mb3Jtcy5jcmVhdGUlMjglN0IlMEElMjAlMjAlMjAlMjBwb3J0YWxJZCUzQSUyMCUyMjg2MDMyMzIlMjIlMkMlMEElMjAlMjAlMjAlMjBmb3JtSWQlM0ElMjAlMjI2MWZjMDc4MC00MDM2LTQ2NWItOGUwMy1kZjBiMzZkM2M2ZjElMjIlMkMlMEElMjAlMjAlMjAlMjByZWdpb24lM0ElMjAlMjJuYTElMjIlMEElMjAlMjAlN0QlMjklM0IlMEElM0MlMkZzY3JpcHQlM0U=[\/vc_raw_html][\/vc_column][\/vc_row]<\/p>\n","protected":false},"excerpt":{"rendered":"[vc_row][vc_column][vc_empty_space height=\u00a0\u00bb60px\u00a0\u00bb][\/vc_column][\/vc_row][vc_row content_placement=\u00a0\u00bbmiddle\u00a0\u00bb][vc_column width=\u00a0\u00bb5\/12&Prime;][vc_column_text] Cr\u00e9ez une exp\u00e9rience artistique immersive et sur-mesure, pens\u00e9e pour vos espaces professionnels et vos clients. [\/vc_column_text][vc_column_text]Apportez une touche de magie qui marque les esprits et valorise votre activit\u00e9.[\/vc_column_text][vc_raw_html el_class=\u00a0\u00bbtext-left\u00a0\u00bb]JTNDYSUyMGhyZWYlM0QlMjIlMjNmb3JtLWxhbmRpbmclMjIlMjBjbGFzcyUzRCUyMmJ0biUyMGJ0bi1zZWNvbmRhcnklMjIlM0VEaXNjdXRvbnMlMjBkZSUyMHZvdHJlJTIwcHJvamV0JTNDJTJGYSUzRQ==[\/vc_raw_html][\/vc_column][vc_column width=\u00a0\u00bb6\/12&Prime;][vc_raw_html]JTNDdmlkZW8lMjBzdHlsZSUzRCUyMm1heC13aWR0aCUzQTEwMCUyNSUzQiUyMiUyMGF1dG9wbGF5JTNEJTIyJTIyJTIwbXV0ZWQlM0QlMjIlMjIlMjBsb29wJTNEJTIyJTIyJTIwcGxheXNpbmxpbmUlM0QlMjIlMjIlM0UlMEElMjAlMjAlMjAlMjAlMjAlMjAlMjAlMjAlMjAlMjAlMjAlMjAlM0Nzb3VyY2UlMjBzcmMlM0QlMjJodHRwcyUzQSUyRiUyRnd3dy5pb25ueWsuY29tJTJGd3AtY29udGVudCUyRnVwbG9hZHMlMkYyMDI0JTJGMDMlMkZMaW5uLUZsaWNrLm1vdiUyMnZpZGVvJTJGbXA0JTIyJTNFJTBBJTIwWW91ciUyMGJyb3dzZXIlMjBkb2VzJTIwbm90JTIwc3VwcG9ydCUyMHRoZSUyMHZpZGVvJTIwdGFnLiUwQSUyMCUyMCUyMCUyMCUyMCUyMCUyMCUyMCUzQyUyRnNvdXJjZSUzRSUzQyUyRnZpZGVvJTNF[\/vc_raw_html][\/vc_column][vc_column width=\u00a0\u00bb1\/12&Prime;][\/vc_column][\/vc_row][vc_row content_placement=\u00a0\u00bbmiddle\u00a0\u00bb bg_type=\u00a0\u00bbbg_color\u00a0\u00bb bg_override=\u00a0\u00bbfull\u00a0\u00bb bg_color_value=\u00a0\u00bb#ffffff\u00a0\u00bb][vc_column width=\u00a0\u00bb1\/3&Prime;][vc_column_text] Une exp\u00e9rience immersive unique [\/vc_column_text][\/vc_column][vc_column width=\u00a0\u00bb1\/3&Prime;][vc_column_text] 100% sans c\u00e2ble et durable\u00a0 [\/vc_column_text][\/vc_column][vc_column width=\u00a0\u00bb1\/3&Prime;][vc_column_text] Un rendu&#8230; <a class=\"view-article\" href=\"https:\/\/www.ionnyk.com\/fr\/b2b-cabinet\/\">Voir l&rsquo;article<\/a>","protected":false},"author":5,"featured_media":0,"parent":0,"menu_order":41,"comment_status":"closed","ping_status":"closed","template":"template-landing-customvideo.php","meta":{"content-type":""},"yoast_head":"<!-- This site is optimized with the Yoast SEO Premium plugin v19.4 (Yoast SEO v19.9) - https:\/\/yoast.com\/wordpress\/plugins\/seo\/ -->\n<title>B2B cabinet<\/title>\n<meta name=\"description\" content=\"IONNYK : The only paper like digital art frame\" \/>\n<meta name=\"robots\" content=\"index, follow, max-snippet:-1, max-image-preview:large, max-video-preview:-1\" \/>\n<link rel=\"canonical\" href=\"https:\/\/www.ionnyk.com\/fr\/b2b-cabinet\/\" \/>\n<meta property=\"og:locale\" content=\"fr_FR\" \/>\n<meta property=\"og:type\" content=\"article\" \/>\n<meta property=\"og:title\" content=\"B2B cabinet\" \/>\n<meta property=\"og:description\" content=\"IONNYK : The only paper like digital art frame\" \/>\n<meta property=\"og:url\" content=\"https:\/\/www.ionnyk.com\/fr\/b2b-cabinet\/\" \/>\n<meta property=\"og:site_name\" content=\"IONNYK\" \/>\n<meta property=\"article:publisher\" content=\"https:\/\/www.facebook.com\/ionnyk.art\" \/>\n<meta property=\"article:modified_time\" content=\"2026-04-02T12:50:03+00:00\" \/>\n<meta property=\"og:image\" content=\"https:\/\/www.ionnyk.com\/wp-content\/uploads\/2024\/03\/achoo-sans-texte_carre.png\" \/>\n\t<meta property=\"og:image:width\" content=\"1600\" \/>\n\t<meta property=\"og:image:height\" content=\"1600\" \/>\n\t<meta property=\"og:image:type\" content=\"image\/png\" \/>\n<meta name=\"twitter:card\" content=\"summary_large_image\" \/>\n<meta name=\"twitter:label1\" content=\"Dur\u00e9e de lecture estim\u00e9e\" \/>\n\t<meta name=\"twitter:data1\" content=\"3 minutes\" \/>\n<script type=\"application\/ld+json\" class=\"yoast-schema-graph\">{\"@context\":\"https:\/\/schema.org\",\"@graph\":[{\"@type\":\"WebPage\",\"@id\":\"https:\/\/www.ionnyk.com\/fr\/b2b-cabinet\/\",\"url\":\"https:\/\/www.ionnyk.com\/fr\/b2b-cabinet\/\",\"name\":\"B2B cabinet\",\"isPartOf\":{\"@id\":\"https:\/\/www.ionnyk.com\/fr\/#website\"},\"datePublished\":\"2026-03-09T14:41:20+00:00\",\"dateModified\":\"2026-04-02T12:50:03+00:00\",\"description\":\"IONNYK : The only paper like digital art frame\",\"breadcrumb\":{\"@id\":\"https:\/\/www.ionnyk.com\/fr\/b2b-cabinet\/#breadcrumb\"},\"inLanguage\":\"fr-FR\",\"potentialAction\":[{\"@type\":\"ReadAction\",\"target\":[\"https:\/\/www.ionnyk.com\/fr\/b2b-cabinet\/\"]}]},{\"@type\":\"BreadcrumbList\",\"@id\":\"https:\/\/www.ionnyk.com\/fr\/b2b-cabinet\/#breadcrumb\",\"itemListElement\":[{\"@type\":\"ListItem\",\"position\":1,\"name\":\"Home\",\"item\":\"https:\/\/www.ionnyk.com\/fr\/\"},{\"@type\":\"ListItem\",\"position\":2,\"name\":\"B2B cabinet\"}]},{\"@type\":\"WebSite\",\"@id\":\"https:\/\/www.ionnyk.com\/fr\/#website\",\"url\":\"https:\/\/www.ionnyk.com\/fr\/\",\"name\":\"IONNYK\",\"description\":\"The world&#039;s first e-paper Digital Art Frame\",\"potentialAction\":[{\"@type\":\"SearchAction\",\"target\":{\"@type\":\"EntryPoint\",\"urlTemplate\":\"https:\/\/www.ionnyk.com\/fr\/?s={search_term_string}\"},\"query-input\":\"required name=search_term_string\"}],\"inLanguage\":\"fr-FR\"}]}<\/script>\n<!-- \/ Yoast SEO Premium plugin. -->","yoast_head_json":{"title":"B2B cabinet","description":"IONNYK : The only paper like digital art frame","robots":{"index":"index","follow":"follow","max-snippet":"max-snippet:-1","max-image-preview":"max-image-preview:large","max-video-preview":"max-video-preview:-1"},"canonical":"https:\/\/www.ionnyk.com\/fr\/b2b-cabinet\/","og_locale":"fr_FR","og_type":"article","og_title":"B2B cabinet","og_description":"IONNYK : The only paper like digital art frame","og_url":"https:\/\/www.ionnyk.com\/fr\/b2b-cabinet\/","og_site_name":"IONNYK","article_publisher":"https:\/\/www.facebook.com\/ionnyk.art","article_modified_time":"2026-04-02T12:50:03+00:00","og_image":[{"width":1600,"height":1600,"url":"https:\/\/www.ionnyk.com\/wp-content\/uploads\/2024\/03\/achoo-sans-texte_carre.png","type":"image\/png"}],"twitter_card":"summary_large_image","twitter_misc":{"Dur\u00e9e de lecture estim\u00e9e":"3 minutes"},"schema":{"@context":"https:\/\/schema.org","@graph":[{"@type":"WebPage","@id":"https:\/\/www.ionnyk.com\/fr\/b2b-cabinet\/","url":"https:\/\/www.ionnyk.com\/fr\/b2b-cabinet\/","name":"B2B cabinet","isPartOf":{"@id":"https:\/\/www.ionnyk.com\/fr\/#website"},"datePublished":"2026-03-09T14:41:20+00:00","dateModified":"2026-04-02T12:50:03+00:00","description":"IONNYK : The only paper like digital art frame","breadcrumb":{"@id":"https:\/\/www.ionnyk.com\/fr\/b2b-cabinet\/#breadcrumb"},"inLanguage":"fr-FR","potentialAction":[{"@type":"ReadAction","target":["https:\/\/www.ionnyk.com\/fr\/b2b-cabinet\/"]}]},{"@type":"BreadcrumbList","@id":"https:\/\/www.ionnyk.com\/fr\/b2b-cabinet\/#breadcrumb","itemListElement":[{"@type":"ListItem","position":1,"name":"Home","item":"https:\/\/www.ionnyk.com\/fr\/"},{"@type":"ListItem","position":2,"name":"B2B cabinet"}]},{"@type":"WebSite","@id":"https:\/\/www.ionnyk.com\/fr\/#website","url":"https:\/\/www.ionnyk.com\/fr\/","name":"IONNYK","description":"The world&#039;s first e-paper Digital Art Frame","potentialAction":[{"@type":"SearchAction","target":{"@type":"EntryPoint","urlTemplate":"https:\/\/www.ionnyk.com\/fr\/?s={search_term_string}"},"query-input":"required name=search_term_string"}],"inLanguage":"fr-FR"}]}},"acf":[],"_links":{"self":[{"href":"https:\/\/www.ionnyk.com\/fr\/wp-json\/wp\/v2\/pages\/12495"}],"collection":[{"href":"https:\/\/www.ionnyk.com\/fr\/wp-json\/wp\/v2\/pages"}],"about":[{"href":"https:\/\/www.ionnyk.com\/fr\/wp-json\/wp\/v2\/types\/page"}],"author":[{"embeddable":true,"href":"https:\/\/www.ionnyk.com\/fr\/wp-json\/wp\/v2\/users\/5"}],"replies":[{"embeddable":true,"href":"https:\/\/www.ionnyk.com\/fr\/wp-json\/wp\/v2\/comments?post=12495"}],"version-history":[{"count":33,"href":"https:\/\/www.ionnyk.com\/fr\/wp-json\/wp\/v2\/pages\/12495\/revisions"}],"predecessor-version":[{"id":12938,"href":"https:\/\/www.ionnyk.com\/fr\/wp-json\/wp\/v2\/pages\/12495\/revisions\/12938"}],"wp:attachment":[{"href":"https:\/\/www.ionnyk.com\/fr\/wp-json\/wp\/v2\/media?parent=12495"}],"curies":[{"name":"wp","href":"https:\/\/api.w.org\/{rel}","templated":true}]}}