{"id":11016,"date":"2025-05-27T15:55:44","date_gmt":"2025-05-27T13:55:44","guid":{"rendered":"https:\/\/www.ionnyk.com\/?page_id=11016"},"modified":"2025-06-02T13:44:14","modified_gmt":"2025-06-02T11:44:14","slug":"gridx","status":"publish","type":"page","link":"https:\/\/www.ionnyk.com\/fr\/gridx\/","title":{"rendered":"Studio D Gridx"},"content":{"rendered":"<p>[vc_row content_placement=\u00a0\u00bbmiddle\u00a0\u00bb][vc_column][vc_empty_space][vc_empty_space][vc_empty_space][vc_single_image image=\u00a0\u00bb8350&Prime; img_size=\u00a0\u00bbmedium\u00a0\u00bb alignment=\u00a0\u00bbcenter\u00a0\u00bb][vc_single_image image=\u00a0\u00bb11026&Prime; alignment=\u00a0\u00bbcenter\u00a0\u00bb][vc_empty_space][vc_empty_space][vc_column_text]<\/p>\n<h3 style=\"text-align: center;\"><strong>Quand l\u2019innovation rencontre l\u2019art<\/strong><\/h3>\n<p>[\/vc_column_text][vc_raw_html]JTNDdmlkZW8lMjBzdHlsZSUzRCUyMndpZHRoJTNBMTAwJTI1JTNCJTIyJTIwYXV0b3BsYXklM0QlMjIlMjIlMjBtdXRlZCUzRCUyMiUyMiUyMGxvb3AlM0QlMjIlMjIlMjBwbGF5c2lubGluZSUzRCUyMiUyMiUzRSUwQSUyMCUyMCUyMCUyMCUyMCUyMCUyMCUyMCUyMCUyMCUyMCUyMCUzQ3NvdXJjZSUyMHNyYyUzRCUyMmh0dHBzJTNBJTJGJTJGd3d3Lmlvbm55ay5jb20lMkZ3cC1jb250ZW50JTJGdXBsb2FkcyUyRjIwMjUlMkYwMyUyRkNvdmVyLUUtU0hPUC5tcDQlMjIlM0UlMEElMjAlMjAlMjAlMjAlMjAlMjAlMjAlMjAlMjAlMjAlMjAlMjBZb3VyJTIwYnJvd3NlciUyMGRvZXMlMjBub3QlMjBzdXBwb3J0JTIwdGhlJTIwdmlkZW8lMjB0YWcuJTBBJTIwJTIwJTIwJTIwJTIwJTIwJTIwJTIwJTNDJTJGdmlkZW8lM0U=[\/vc_raw_html]<div id=\"ult-carousel-192603186869d24fd009612\" class=\"ult-carousel-wrapper   ult_horizontal\" data-gutter=\"15\" data-rtl=\"false\" ><div class=\"ult-carousel-93657583569d24fd0094e5 \" >[vc_single_image image=\u00a0\u00bb9236&Prime; img_size=\u00a0\u00bbfull\u00a0\u00bb][vc_single_image image=\u00a0\u00bb9233&Prime; img_size=\u00a0\u00bbfull\u00a0\u00bb][vc_single_image image=\u00a0\u00bb9230&Prime; img_size=\u00a0\u00bbfull\u00a0\u00bb][vc_single_image image=\u00a0\u00bb9242&Prime; img_size=\u00a0\u00bbfull\u00a0\u00bb][vc_single_image image=\u00a0\u00bb9239&Prime; img_size=\u00a0\u00bbfull\u00a0\u00bb]<\/div><\/div>\t\t\t<script type=\"text\/javascript\">\r\n\t\t\t\tjQuery(document).ready(function ($) {\r\n\t\t\t\t\tif( typeof jQuery('.ult-carousel-93657583569d24fd0094e5').slick == \"function\"){\r\n\t\t\t\t\t\t$('.ult-carousel-93657583569d24fd0094e5').slick({dots: true,autoplay: true,autoplaySpeed: 5000,speed: 300,infinite: true,arrows: true,nextArrow: '<button type=\"button\" role=\"button\" aria-label=\"Next\" style=\"color:#333333; font-size:20px;\" class=\"slick-next default\"><i class=\"ultsl-arrow-right4\"><\/i><\/button>',prevArrow: '<button type=\"button\" role=\"button\" aria-label=\"Previous\" style=\"color:#333333; font-size:20px;\" class=\"slick-prev default\"><i class=\"ultsl-arrow-left4\"><\/i><\/button>',slidesToScroll:3,slidesToShow:3,swipe: true,draggable: true,touchMove: true,pauseOnHover: true,responsive: [\r\n\t\t\t\t\t\t\t{\r\n\t\t\t\t\t\t\t  breakpoint: 1025,\r\n\t\t\t\t\t\t\t  settings: {\r\n\t\t\t\t\t\t\t\tslidesToShow: 3,\r\n\t\t\t\t\t\t\t\tslidesToScroll: 3,  \r\n\t\t\t\t\t\t\t  }\r\n\t\t\t\t\t\t\t},\r\n\t\t\t\t\t\t\t{\r\n\t\t\t\t\t\t\t  breakpoint: 769,\r\n\t\t\t\t\t\t\t  settings: {\r\n\t\t\t\t\t\t\t\tslidesToShow: 3,\r\n\t\t\t\t\t\t\t\tslidesToScroll: 3\r\n\t\t\t\t\t\t\t  }\r\n\t\t\t\t\t\t\t},\r\n\t\t\t\t\t\t\t{\r\n\t\t\t\t\t\t\t  breakpoint: 481,\r\n\t\t\t\t\t\t\t  settings: {\r\n\t\t\t\t\t\t\t\tslidesToShow: 1,\r\n\t\t\t\t\t\t\t\tslidesToScroll: 1\r\n\t\t\t\t\t\t\t  }\r\n\t\t\t\t\t\t\t}\r\n\t\t\t\t\t\t],pauseOnDotsHover: true,customPaging: function(slider, i) {\r\n                   return '<i type=\"button\" style= \"color:#333333;\" class=\"ultsl-record\" data-role=\"none\"><\/i>';\r\n                },});\r\n\t\t\t\t\t}\r\n\t\t\t\t});\r\n\t\t\t<\/script>\r\n\t\t\t[\/vc_column][\/vc_row][vc_row content_placement=\u00a0\u00bbmiddle\u00a0\u00bb][vc_column width=\u00a0\u00bb5\/12&Prime;][vc_column_text]<\/p>\n<div class=\"wpb_text_column wpb_content_element \">\n<div class=\"wpb_wrapper\">\n<h3><strong>Une exp\u00e9rience immersive unique<\/strong><\/h3>\n<\/div>\n<\/div>\n<div class=\"wpb_text_column wpb_content_element \">\n<div class=\"wpb_wrapper\">\n<p><strong>3 secondes<\/strong>, c\u2019est le temps qu\u2019il faut pour d\u00e9couvrir une nouvelle \u0153uvre d\u2019art dans votre cadre IONNYK. Vous pouvez la modifier \u00e0 l\u2019aide de votre smartphone.<\/p>\n<\/div>\n<\/div>\n<p>[\/vc_column_text][vc_empty_space height=\u00a0\u00bb40px\u00a0\u00bb][vc_raw_html el_class=\u00a0\u00bbtext-left\u00a0\u00bb]JTNDYSUyMGhyZWYlM0QlMjIlMjNmb3JtLWxhbmRpbmclMjIlMjBjbGFzcyUzRCUyMmJ0biUyMGJ0bi1zZWNvbmRhcnklMjIlM0UlQzMlQTdhJTIwbSUyN2ludCVDMyVBOXJlc3NlJTNDJTJGYSUzRQ==[\/vc_raw_html][\/vc_column][vc_column width=\u00a0\u00bb1\/12&Prime;][\/vc_column][vc_column width=\u00a0\u00bb6\/12&Prime;][vc_single_image image=\u00a0\u00bb9457&Prime; img_size=\u00a0\u00bblarge\u00a0\u00bb][\/vc_column][\/vc_row][vc_row content_placement=\u00a0\u00bbmiddle\u00a0\u00bb][vc_column width=\u00a0\u00bb6\/12&Prime;][vc_single_image image=\u00a0\u00bb7863&Prime; img_size=\u00a0\u00bblarge\u00a0\u00bb][\/vc_column][vc_column width=\u00a0\u00bb1\/12&Prime;][\/vc_column][vc_column width=\u00a0\u00bb5\/12&Prime;][vc_column_text]<\/p>\n<div class=\"wpb_text_column wpb_content_element \">\n<div class=\"wpb_wrapper\">\n<h3><strong>Une galerie d\u2019art \u00e0 la maison<\/strong><\/h3>\n<\/div>\n<\/div>\n<div class=\"wpb_text_column wpb_content_element \">\n<div class=\"wpb_wrapper\">\n<p><strong>Un catalogue d\u2019\u0153uvre d\u2019art en constante \u00e9volution<\/strong>\u00a0avec plus de\u00a0<strong>1000 photographies<\/strong>\u00a0originales diff\u00e9rentes et un choix parmi<strong>\u00a03 formats de cadre<\/strong>.<\/p>\n<\/div>\n<\/div>\n<p>[\/vc_column_text][vc_empty_space height=\u00a0\u00bb30px\u00a0\u00bb][vc_raw_html el_class=\u00a0\u00bbtext-left\u00a0\u00bb]JTNDYSUyMGhyZWYlM0QlMjIlMjNmb3JtLWxhbmRpbmclMjIlMjBjbGFzcyUzRCUyMmJ0biUyMGJ0bi1zZWNvbmRhcnklMjIlM0VkJUMzJUE5Y291dnJpciUyMGVuJTIwZXhjbHVzaXZpdCVDMyVBOSUzQyUyRmElM0U=[\/vc_raw_html][\/vc_column][\/vc_row][vc_row content_placement=\u00a0\u00bbmiddle\u00a0\u00bb][vc_column width=\u00a0\u00bb5\/12&Prime;][vc_column_text]<\/p>\n<div class=\"wpb_text_column wpb_content_element \">\n<div class=\"wpb_wrapper\">\n<h3><strong>Vos photos personnelles<\/strong><\/h3>\n<\/div>\n<\/div>\n<div class=\"wpb_text_column wpb_content_element \">\n<div class=\"wpb_wrapper\">\n<p><strong>\u00c9levez aussi vos plus belles photos personnelles au rang d\u2019\u0153uvres d\u2019art<\/strong>\u00a0pour en faire profiter vos proches.<\/p>\n<\/div>\n<\/div>\n<p>[\/vc_column_text][vc_empty_space height=\u00a0\u00bb30px\u00a0\u00bb][vc_raw_html el_class=\u00a0\u00bbtext-left\u00a0\u00bb]JTNDYSUyMGhyZWYlM0QlMjIlMjNmb3JtLWxhbmRpbmclMjIlMjBjbGFzcyUzRCUyMmJ0biUyMGJ0bi1zZWNvbmRhcnklMjIlM0Vjb21tYW5kZXIlM0MlMkZhJTNF[\/vc_raw_html][\/vc_column][vc_column width=\u00a0\u00bb1\/12&Prime;][\/vc_column][vc_column width=\u00a0\u00bb6\/12&Prime;][vc_single_image image=\u00a0\u00bb9260&Prime; img_size=\u00a0\u00bblarge\u00a0\u00bb][\/vc_column][\/vc_row][vc_row content_placement=\u00a0\u00bbmiddle\u00a0\u00bb][vc_column width=\u00a0\u00bb6\/12&Prime;][vc_single_image image=\u00a0\u00bb8932&Prime; img_size=\u00a0\u00bblarge\u00a0\u00bb][\/vc_column][vc_column width=\u00a0\u00bb1\/12&Prime;][\/vc_column][vc_column width=\u00a0\u00bb5\/12&Prime;][vc_column_text]<\/p>\n<div class=\"wpb_text_column wpb_content_element \">\n<div class=\"wpb_wrapper\">\n<h3><strong>Un rendu plus vrai que nature<\/strong><\/h3>\n<\/div>\n<\/div>\n<div class=\"wpb_text_column wpb_content_element \">\n<div class=\"wpb_wrapper\">\n<p>Gr\u00e2ce \u00e0 l\u2019encre E-paper, profitez d\u2019une photographie d\u2019une qualit\u00e9 visuelle exceptionnelle,\u00a0<strong>si r\u00e9aliste qu\u2019elle se confond avec du papier<\/strong>.<\/p>\n<\/div>\n<\/div>\n<p>[\/vc_column_text][vc_empty_space height=\u00a0\u00bb30px\u00a0\u00bb][vc_raw_html el_class=\u00a0\u00bbtext-left\u00a0\u00bb]JTNDYSUyMGhyZWYlM0QlMjIlMjNmb3JtLWxhbmRpbmclMjIlMjBjbGFzcyUzRCUyMmJ0biUyMGJ0bi1zZWNvbmRhcnklMjIlM0VqZSUyMHZldXglMjBjb21wcmVuZHJlJTNDJTJGYSUzRQ==[\/vc_raw_html][\/vc_column][\/vc_row][vc_row content_placement=\u00a0\u00bbmiddle\u00a0\u00bb][vc_column width=\u00a0\u00bb5\/12&Prime;][vc_column_text]<\/p>\n<div class=\"wpb_text_column wpb_content_element \">\n<div class=\"wpb_wrapper\">\n<h3><strong>100% sans c\u00e2ble et durable\u00a0<\/strong><\/h3>\n<\/div>\n<\/div>\n<div class=\"wpb_text_column wpb_content_element \">\n<div class=\"wpb_wrapper\">\n<p><strong>Un cadre 100% sans c\u00e2ble et durable<\/strong>, sans \u00e9mission de lumi\u00e8re et avec une autonomie d\u2019un an sur un seul cycle de recharge.<\/p>\n<\/div>\n<\/div>\n<p>[\/vc_column_text][vc_empty_space height=\u00a0\u00bb30px\u00a0\u00bb][vc_raw_html el_class=\u00a0\u00bbtext-left\u00a0\u00bb]JTNDYSUyMGhyZWYlM0QlMjIlMjNmb3JtLWxhbmRpbmclMjIlMjBjbGFzcyUzRCUyMmJ0biUyMGJ0bi1zZWNvbmRhcnklMjIlM0VwbHVzJTIwZCUyN2luZm9zJTNDJTJGYSUzRQ==[\/vc_raw_html][\/vc_column][vc_column width=\u00a0\u00bb1\/12&Prime;][\/vc_column][vc_column width=\u00a0\u00bb6\/12&Prime;][vc_single_image image=\u00a0\u00bb9264&Prime; img_size=\u00a0\u00bblarge\u00a0\u00bb][\/vc_column][\/vc_row][vc_row bg_type=\u00a0\u00bbbg_color\u00a0\u00bb bg_override=\u00a0\u00bbfull\u00a0\u00bb bg_color_value=\u00a0\u00bb#ffffff\u00a0\u00bb][vc_column width=\u00a0\u00bb1\/4&Prime;][\/vc_column][vc_column width=\u00a0\u00bb1\/2&Prime;][vc_empty_space height=\u00a0\u00bb100px\u00a0\u00bb][vc_column_text]<\/p>\n<h1 style=\"text-align: center;\"><span style=\"color: #000000;\"><strong>Offre limit\u00e9e<\/strong>\u00a0: b\u00e9n\u00e9ficiez d\u2019un\u00a0<strong>acc\u00e8s offert<\/strong> \u00e0 tout le catalogue Discovery <strong>pendant 3 mois.<\/strong><\/span><\/h1>\n<p>[\/vc_column_text][vc_raw_html el_class=\u00a0\u00bbtext-center\u00a0\u00bb]JTNDYSUyMGhyZWYlM0QlMjIlMjNmb3JtLWxhbmRpbmclMjIlMjBjbGFzcyUzRCUyMmJ0biUyMGJ0bi1wcmltYXJ5JTIyJTNFSiVFMiU4MCU5OWVuJTIwcHJvZml0ZSUzQyUyRmElM0U=[\/vc_raw_html][vc_empty_space height=\u00a0\u00bb100px\u00a0\u00bb][\/vc_column][vc_column width=\u00a0\u00bb1\/4&Prime;][\/vc_column][\/vc_row][vc_row][vc_column][vc_empty_space height=\u00a0\u00bb60px\u00a0\u00bb][\/vc_column][\/vc_row][vc_row el_id=\u00a0\u00bbform-landing\u00a0\u00bb][vc_column][vc_row_inner][vc_column_inner width=\u00a0\u00bb1\/6&Prime;][\/vc_column_inner][vc_column_inner width=\u00a0\u00bb2\/3&Prime;][vc_column_text]<\/p>\n<h2 style=\"text-align: center;\">Le cadre IONNYK est une innovation exclusive et mondiale.<\/h2>\n<p>[\/vc_column_text][vc_column_text]<\/p>\n<p style=\"text-align: center;\">Accordez-vous un moment de qualit\u00e9 pour entendre son histoire de vive voix. Nous r\u00e9pondons \u00e9galement \u00e0 toutes vos questions.<\/p>\n<p>[\/vc_column_text][\/vc_column_inner][vc_column_inner width=\u00a0\u00bb1\/6&Prime;][\/vc_column_inner][\/vc_row_inner][\/vc_column][\/vc_row][vc_row][vc_column][vc_raw_html]JTNDc2NyaXB0JTIwY2hhcnNldCUzRCUyMnV0Zi04JTIyJTIwdHlwZSUzRCUyMnRleHQlMkZqYXZhc2NyaXB0JTIyJTIwc3JjJTNEJTIyJTJGJTJGanMuaHNmb3Jtcy5uZXQlMkZmb3JtcyUyRmVtYmVkJTJGdjIuanMlMjIlM0UlM0MlMkZzY3JpcHQlM0UlMEElM0NzY3JpcHQlM0UlMEElMjAlMjBoYnNwdC5mb3Jtcy5jcmVhdGUlMjglN0IlMEElMjAlMjAlMjAlMjBwb3J0YWxJZCUzQSUyMCUyMjg2MDMyMzIlMjIlMkMlMEElMjAlMjAlMjAlMjBmb3JtSWQlM0ElMjAlMjJiNWIxMTZlMi1iNjA4LTQwNGUtYTA1Yy1jYmJiODBjM2U4MTAlMjIlMkMlMEElMjAlMjAlMjAlMjByZWdpb24lM0ElMjAlMjJuYTElMjIlMEElMjAlMjAlN0QlMjklM0IlMEElM0MlMkZzY3JpcHQlM0U=[\/vc_raw_html][\/vc_column][\/vc_row][vc_row][vc_column][vc_column_text]<\/p>\n<h3 class=\"p1\" style=\"text-align: center;\"><b>Mathieu Dumortier<\/b><\/h3>\n<h3 class=\"p1\" style=\"text-align: center;\">IONNYK reseller in Luxembourg<\/h3>\n<h3 class=\"p1\" style=\"text-align: center;\">+352 661 497 909<\/h3>\n<h3 class=\"p1\" style=\"text-align: center;\">4 Rue des Trois Cantons,<\/h3>\n<h3 class=\"p1\" style=\"text-align: center;\">3980 Wickrange Reckange-sur-Mess<\/h3>\n<p>[\/vc_column_text][\/vc_column][\/vc_row]<\/p>\n","protected":false},"excerpt":{"rendered":"[vc_row content_placement=\u00a0\u00bbmiddle\u00a0\u00bb][vc_column][vc_empty_space][vc_empty_space][vc_empty_space][vc_single_image image=\u00a0\u00bb8350&Prime; img_size=\u00a0\u00bbmedium\u00a0\u00bb alignment=\u00a0\u00bbcenter\u00a0\u00bb][vc_single_image image=\u00a0\u00bb11026&Prime; alignment=\u00a0\u00bbcenter\u00a0\u00bb][vc_empty_space][vc_empty_space][vc_column_text] Quand l\u2019innovation rencontre l\u2019art [\/vc_column_text][vc_raw_html]JTNDdmlkZW8lMjBzdHlsZSUzRCUyMndpZHRoJTNBMTAwJTI1JTNCJTIyJTIwYXV0b3BsYXklM0QlMjIlMjIlMjBtdXRlZCUzRCUyMiUyMiUyMGxvb3AlM0QlMjIlMjIlMjBwbGF5c2lubGluZSUzRCUyMiUyMiUzRSUwQSUyMCUyMCUyMCUyMCUyMCUyMCUyMCUyMCUyMCUyMCUyMCUyMCUzQ3NvdXJjZSUyMHNyYyUzRCUyMmh0dHBzJTNBJTJGJTJGd3d3Lmlvbm55ay5jb20lMkZ3cC1jb250ZW50JTJGdXBsb2FkcyUyRjIwMjUlMkYwMyUyRkNvdmVyLUUtU0hPUC5tcDQlMjIlM0UlMEElMjAlMjAlMjAlMjAlMjAlMjAlMjAlMjAlMjAlMjAlMjAlMjBZb3VyJTIwYnJvd3NlciUyMGRvZXMlMjBub3QlMjBzdXBwb3J0JTIwdGhlJTIwdmlkZW8lMjB0YWcuJTBBJTIwJTIwJTIwJTIwJTIwJTIwJTIwJTIwJTNDJTJGdmlkZW8lM0U=[\/vc_raw_html][\/vc_column][\/vc_row][vc_row content_placement=\u00a0\u00bbmiddle\u00a0\u00bb][vc_column width=\u00a0\u00bb5\/12&Prime;][vc_column_text] Une exp\u00e9rience immersive unique 3 secondes, c\u2019est le temps qu\u2019il faut pour d\u00e9couvrir une nouvelle \u0153uvre d\u2019art dans votre cadre IONNYK. Vous pouvez la modifier \u00e0 l\u2019aide de votre smartphone. [\/vc_column_text][vc_empty_space height=\u00a0\u00bb40px\u00a0\u00bb][vc_raw_html el_class=\u00a0\u00bbtext-left\u00a0\u00bb]JTNDYSUyMGhyZWYlM0QlMjIlMjNmb3JtLWxhbmRpbmclMjIlMjBjbGFzcyUzRCUyMmJ0biUyMGJ0bi1zZWNvbmRhcnklMjIlM0UlQzMlQTdhJTIwbSUyN2ludCVDMyVBOXJlc3NlJTNDJTJGYSUzRQ==[\/vc_raw_html][\/vc_column][vc_column width=\u00a0\u00bb1\/12&Prime;][\/vc_column][vc_column width=\u00a0\u00bb6\/12&Prime;][vc_single_image image=\u00a0\u00bb9457&Prime; img_size=\u00a0\u00bblarge\u00a0\u00bb][\/vc_column][\/vc_row][vc_row content_placement=\u00a0\u00bbmiddle\u00a0\u00bb][vc_column width=\u00a0\u00bb6\/12&Prime;][vc_single_image image=\u00a0\u00bb7863&Prime; img_size=\u00a0\u00bblarge\u00a0\u00bb][\/vc_column][vc_column&#8230; <a class=\"view-article\" href=\"https:\/\/www.ionnyk.com\/fr\/gridx\/\">Voir l&rsquo;article<\/a>","protected":false},"author":5,"featured_media":0,"parent":0,"menu_order":41,"comment_status":"closed","ping_status":"closed","template":"template-landing-nomenu.php","meta":{"content-type":""},"yoast_head":"<!-- This site is optimized with the Yoast SEO Premium plugin v19.4 (Yoast SEO v19.9) - https:\/\/yoast.com\/wordpress\/plugins\/seo\/ -->\n<title>Studio D Gridx<\/title>\n<meta name=\"description\" content=\"IONNYK : The only paper like digital art frame\" \/>\n<meta name=\"robots\" content=\"index, follow, max-snippet:-1, max-image-preview:large, max-video-preview:-1\" \/>\n<link rel=\"canonical\" href=\"https:\/\/www.ionnyk.com\/fr\/gridx\/\" \/>\n<meta property=\"og:locale\" content=\"fr_FR\" \/>\n<meta property=\"og:type\" content=\"article\" \/>\n<meta property=\"og:title\" content=\"Studio D Gridx\" \/>\n<meta property=\"og:description\" content=\"IONNYK : The only paper like digital art frame\" \/>\n<meta property=\"og:url\" content=\"https:\/\/www.ionnyk.com\/fr\/gridx\/\" \/>\n<meta property=\"og:site_name\" content=\"IONNYK\" \/>\n<meta property=\"article:publisher\" content=\"https:\/\/www.facebook.com\/ionnyk.art\" \/>\n<meta property=\"article:modified_time\" content=\"2025-06-02T11:44:14+00:00\" \/>\n<meta property=\"og:image\" content=\"https:\/\/www.ionnyk.com\/wp-content\/uploads\/2022\/06\/ionnyk.png\" \/>\n\t<meta property=\"og:image:width\" content=\"2538\" \/>\n\t<meta property=\"og:image:height\" content=\"1188\" \/>\n\t<meta property=\"og:image:type\" content=\"image\/png\" \/>\n<meta name=\"twitter:card\" content=\"summary_large_image\" \/>\n<meta name=\"twitter:label1\" content=\"Dur\u00e9e de lecture estim\u00e9e\" \/>\n\t<meta name=\"twitter:data1\" content=\"2 minutes\" \/>\n<script type=\"application\/ld+json\" class=\"yoast-schema-graph\">{\"@context\":\"https:\/\/schema.org\",\"@graph\":[{\"@type\":\"WebPage\",\"@id\":\"https:\/\/www.ionnyk.com\/fr\/gridx\/\",\"url\":\"https:\/\/www.ionnyk.com\/fr\/gridx\/\",\"name\":\"Studio D Gridx\",\"isPartOf\":{\"@id\":\"https:\/\/www.ionnyk.com\/fr\/#website\"},\"datePublished\":\"2025-05-27T13:55:44+00:00\",\"dateModified\":\"2025-06-02T11:44:14+00:00\",\"description\":\"IONNYK : The only paper like digital art frame\",\"breadcrumb\":{\"@id\":\"https:\/\/www.ionnyk.com\/fr\/gridx\/#breadcrumb\"},\"inLanguage\":\"fr-FR\",\"potentialAction\":[{\"@type\":\"ReadAction\",\"target\":[\"https:\/\/www.ionnyk.com\/fr\/gridx\/\"]}]},{\"@type\":\"BreadcrumbList\",\"@id\":\"https:\/\/www.ionnyk.com\/fr\/gridx\/#breadcrumb\",\"itemListElement\":[{\"@type\":\"ListItem\",\"position\":1,\"name\":\"Home\",\"item\":\"https:\/\/www.ionnyk.com\/fr\/\"},{\"@type\":\"ListItem\",\"position\":2,\"name\":\"Studio D Gridx\"}]},{\"@type\":\"WebSite\",\"@id\":\"https:\/\/www.ionnyk.com\/fr\/#website\",\"url\":\"https:\/\/www.ionnyk.com\/fr\/\",\"name\":\"IONNYK\",\"description\":\"The world&#039;s first e-paper Digital Art Frame\",\"potentialAction\":[{\"@type\":\"SearchAction\",\"target\":{\"@type\":\"EntryPoint\",\"urlTemplate\":\"https:\/\/www.ionnyk.com\/fr\/?s={search_term_string}\"},\"query-input\":\"required name=search_term_string\"}],\"inLanguage\":\"fr-FR\"}]}<\/script>\n<!-- \/ Yoast SEO Premium plugin. -->","yoast_head_json":{"title":"Studio D Gridx","description":"IONNYK : The only paper like digital art frame","robots":{"index":"index","follow":"follow","max-snippet":"max-snippet:-1","max-image-preview":"max-image-preview:large","max-video-preview":"max-video-preview:-1"},"canonical":"https:\/\/www.ionnyk.com\/fr\/gridx\/","og_locale":"fr_FR","og_type":"article","og_title":"Studio D Gridx","og_description":"IONNYK : The only paper like digital art frame","og_url":"https:\/\/www.ionnyk.com\/fr\/gridx\/","og_site_name":"IONNYK","article_publisher":"https:\/\/www.facebook.com\/ionnyk.art","article_modified_time":"2025-06-02T11:44:14+00:00","og_image":[{"width":2538,"height":1188,"url":"https:\/\/www.ionnyk.com\/wp-content\/uploads\/2022\/06\/ionnyk.png","type":"image\/png"}],"twitter_card":"summary_large_image","twitter_misc":{"Dur\u00e9e de lecture estim\u00e9e":"2 minutes"},"schema":{"@context":"https:\/\/schema.org","@graph":[{"@type":"WebPage","@id":"https:\/\/www.ionnyk.com\/fr\/gridx\/","url":"https:\/\/www.ionnyk.com\/fr\/gridx\/","name":"Studio D Gridx","isPartOf":{"@id":"https:\/\/www.ionnyk.com\/fr\/#website"},"datePublished":"2025-05-27T13:55:44+00:00","dateModified":"2025-06-02T11:44:14+00:00","description":"IONNYK : The only paper like digital art frame","breadcrumb":{"@id":"https:\/\/www.ionnyk.com\/fr\/gridx\/#breadcrumb"},"inLanguage":"fr-FR","potentialAction":[{"@type":"ReadAction","target":["https:\/\/www.ionnyk.com\/fr\/gridx\/"]}]},{"@type":"BreadcrumbList","@id":"https:\/\/www.ionnyk.com\/fr\/gridx\/#breadcrumb","itemListElement":[{"@type":"ListItem","position":1,"name":"Home","item":"https:\/\/www.ionnyk.com\/fr\/"},{"@type":"ListItem","position":2,"name":"Studio D Gridx"}]},{"@type":"WebSite","@id":"https:\/\/www.ionnyk.com\/fr\/#website","url":"https:\/\/www.ionnyk.com\/fr\/","name":"IONNYK","description":"The world&#039;s first e-paper Digital Art Frame","potentialAction":[{"@type":"SearchAction","target":{"@type":"EntryPoint","urlTemplate":"https:\/\/www.ionnyk.com\/fr\/?s={search_term_string}"},"query-input":"required name=search_term_string"}],"inLanguage":"fr-FR"}]}},"acf":[],"_links":{"self":[{"href":"https:\/\/www.ionnyk.com\/fr\/wp-json\/wp\/v2\/pages\/11016"}],"collection":[{"href":"https:\/\/www.ionnyk.com\/fr\/wp-json\/wp\/v2\/pages"}],"about":[{"href":"https:\/\/www.ionnyk.com\/fr\/wp-json\/wp\/v2\/types\/page"}],"author":[{"embeddable":true,"href":"https:\/\/www.ionnyk.com\/fr\/wp-json\/wp\/v2\/users\/5"}],"replies":[{"embeddable":true,"href":"https:\/\/www.ionnyk.com\/fr\/wp-json\/wp\/v2\/comments?post=11016"}],"version-history":[{"count":5,"href":"https:\/\/www.ionnyk.com\/fr\/wp-json\/wp\/v2\/pages\/11016\/revisions"}],"predecessor-version":[{"id":11029,"href":"https:\/\/www.ionnyk.com\/fr\/wp-json\/wp\/v2\/pages\/11016\/revisions\/11029"}],"wp:attachment":[{"href":"https:\/\/www.ionnyk.com\/fr\/wp-json\/wp\/v2\/media?parent=11016"}],"curies":[{"name":"wp","href":"https:\/\/api.w.org\/{rel}","templated":true}]}}