{"id":10835,"date":"2025-05-05T15:00:21","date_gmt":"2025-05-05T13:00:21","guid":{"rendered":"https:\/\/www.ionnyk.com\/?page_id=10835"},"modified":"2026-03-17T15:59:59","modified_gmt":"2026-03-17T14:59:59","slug":"getionnyk-be","status":"publish","type":"page","link":"https:\/\/www.ionnyk.com\/fr\/getionnyk-be\/","title":{"rendered":"Getionnyk BE"},"content":{"rendered":"<p>[vc_row content_placement=\u00a0\u00bbmiddle\u00a0\u00bb][vc_column][vc_empty_space height=\u00a0\u00bb120px\u00a0\u00bb][\/vc_column][\/vc_row][vc_row content_placement=\u00a0\u00bbmiddle\u00a0\u00bb][vc_column width=\u00a0\u00bb1\/6&Prime;][\/vc_column][vc_column width=\u00a0\u00bb2\/3&Prime;][vc_column_text]<\/p>\n<h3 style=\"text-align: center;\"><strong><span style=\"font-weight: 400;\"><strong>Inscrivez-vous pour d\u00e9couvrir cette innovation belge exclusive en avant-premi\u00e8re.<\/strong><\/span><\/strong><\/h3>\n<p>[\/vc_column_text][vc_raw_html]JTNDc2NyaXB0JTIwY2hhcnNldCUzRCUyMnV0Zi04JTIyJTIwdHlwZSUzRCUyMnRleHQlMkZqYXZhc2NyaXB0JTIyJTIwc3JjJTNEJTIyJTJGJTJGanMuaHNmb3Jtcy5uZXQlMkZmb3JtcyUyRmVtYmVkJTJGdjIuanMlMjIlM0UlM0MlMkZzY3JpcHQlM0UlMEElM0NzY3JpcHQlM0UlMEElMjAlMjBoYnNwdC5mb3Jtcy5jcmVhdGUlMjglN0IlMEElMjAlMjAlMjAlMjBwb3J0YWxJZCUzQSUyMCUyMjg2MDMyMzIlMjIlMkMlMEElMjAlMjAlMjAlMjBmb3JtSWQlM0ElMjAlMjI1YWM0NTk3NC02MTAyLTRjMzYtYWFlOS03NjIzNzBhMjdkMzklMjIlMkMlMEElMjAlMjAlMjAlMjByZWdpb24lM0ElMjAlMjJuYTElMjIlMEElMjAlMjAlN0QlMjklM0IlMEElM0MlMkZzY3JpcHQlM0U=[\/vc_raw_html][\/vc_column][vc_column width=\u00a0\u00bb1\/6&Prime;][\/vc_column][\/vc_row][vc_row content_placement=\u00a0\u00bbmiddle\u00a0\u00bb][vc_column][vc_raw_html]JTNDdmlkZW8lMjBzdHlsZSUzRCUyMndpZHRoJTNBMTAwJTI1JTNCJTIyJTIwYXV0b3BsYXklM0QlMjIlMjIlMjBtdXRlZCUzRCUyMiUyMiUyMGxvb3AlM0QlMjIlMjIlMjBwbGF5c2lubGluZSUzRCUyMiUyMiUzRSUwQSUyMCUyMCUyMCUyMCUyMCUyMCUyMCUyMCUyMCUyMCUyMCUyMCUzQ3NvdXJjZSUyMHNyYyUzRCUyMmh0dHBzJTNBJTJGJTJGd3d3Lmlvbm55ay5jb20lMkZ3cC1jb250ZW50JTJGdXBsb2FkcyUyRjIwMjQlMkYxMCUyRkphbmUubXA0JTIyJTNFJTBBJTIwJTIwJTIwJTIwJTIwJTIwJTIwJTIwJTIwJTIwJTIwJTIwWW91ciUyMGJyb3dzZXIlMjBkb2VzJTIwbm90JTIwc3VwcG9ydCUyMHRoZSUyMHZpZGVvJTIwdGFnLiUwQSUyMCUyMCUyMCUyMCUyMCUyMCUyMCUyMCUzQyUyRnZpZGVvJTNF[\/vc_raw_html][vc_empty_space][\/vc_column][\/vc_row][vc_row][vc_column]<div id=\"ult-carousel-210061050469d5d2b193dac\" class=\"ult-carousel-wrapper   ult_horizontal\" data-gutter=\"15\" data-rtl=\"false\" ><div class=\"ult-carousel-202150883769d5d2b193c93 \" >[vc_row_inner][vc_column_inner][vc_single_image image=\u00a0\u00bb10788&Prime; img_size=\u00a0\u00bbmedium\u00a0\u00bb alignment=\u00a0\u00bbcenter\u00a0\u00bb css_animation=\u00a0\u00bbfadeIn\u00a0\u00bb][vc_column_text]<\/p>\n<h3 style=\"text-align: center;\">\u201cUn rendu incroyable qui s\u00e9duit tout autant les particuliers que les professionnels.\u201d<\/h3>\n<p>[\/vc_column_text][\/vc_column_inner][\/vc_row_inner][vc_row_inner][vc_column_inner][vc_single_image image=\u00a0\u00bb10813&Prime; img_size=\u00a0\u00bbmedium\u00a0\u00bb alignment=\u00a0\u00bbcenter\u00a0\u00bb css_animation=\u00a0\u00bbfadeIn\u00a0\u00bb][vc_column_text]<\/p>\n<h3 style=\"text-align: center;\">\u201cGr\u00e2ce au Studio Prestige Experience, une offre personnalis\u00e9e s&rsquo;ouvre \u00e0 la client\u00e8le IONNYK qui pourra d\u00e9sormais int\u00e9grer les photographies personnelles dans leur cadre digital, transformant ainsi des souvenirs en \u0153uvres d&rsquo;art.\u201d<\/h3>\n<p>[\/vc_column_text][\/vc_column_inner][\/vc_row_inner][vc_row_inner][vc_column_inner][vc_single_image image=\u00a0\u00bb10791&Prime; img_size=\u00a0\u00bbmedium\u00a0\u00bb alignment=\u00a0\u00bbcenter\u00a0\u00bb css_animation=\u00a0\u00bbfadeIn\u00a0\u00bb][vc_column_text]<\/p>\n<h3 style=\"text-align: center;\">\u201cCe nouveau me\u0301dium nume\u0301rique permettra aux artistes de s&rsquo;e\u0301manciper, petit a\u0300 petit, de la photo pour faire e\u0301merger \u2013 qui sait? \u2013 une nouvelle forme d\u2019expression artistique.\u201d<\/h3>\n<p>[\/vc_column_text][\/vc_column_inner][\/vc_row_inner][vc_row_inner][vc_column_inner][vc_single_image image=\u00a0\u00bb10800&Prime; img_size=\u00a0\u00bbmedium\u00a0\u00bb alignment=\u00a0\u00bbcenter\u00a0\u00bb css_animation=\u00a0\u00bbfadeIn\u00a0\u00bb][vc_column_text]<\/p>\n<h3 style=\"text-align: center;\">\u201cImaginez que vous puissiez, au gr\u00e9 de vos envies, des saisons ou de vos invit\u00e9s, personnaliser les murs de votre salon avec des cadres \u201c\u00e9volutifs\u201d, o\u00f9 les photos artistiques s\u2019afficheraient selon vos d\u00e9sirs.\u201d<\/h3>\n<p>[\/vc_column_text][\/vc_column_inner][\/vc_row_inner][vc_row_inner][vc_column_inner][vc_single_image image=\u00a0\u00bb10803&Prime; img_size=\u00a0\u00bbmedium\u00a0\u00bb alignment=\u00a0\u00bbcenter\u00a0\u00bb css_animation=\u00a0\u00bbfadeIn\u00a0\u00bb][vc_column_text]<\/p>\n<h3 style=\"text-align: center;\">\u201cCompos\u00e9 de millions de capsules d&rsquo;encre noire et blanche qui bougent dans le temps et dans l&rsquo;espace, IONNYK propose un rendez-vous immersif avec la photographie.\u201d<\/h3>\n<p>[\/vc_column_text][\/vc_column_inner][\/vc_row_inner]<\/div><\/div>\t\t\t<script type=\"text\/javascript\">\r\n\t\t\t\tjQuery(document).ready(function ($) {\r\n\t\t\t\t\tif( typeof jQuery('.ult-carousel-202150883769d5d2b193c93').slick == \"function\"){\r\n\t\t\t\t\t\t$('.ult-carousel-202150883769d5d2b193c93').slick({dots: true,autoplay: true,autoplaySpeed: 5000,speed: 300,infinite: true,arrows: true,nextArrow: '<button type=\"button\" role=\"button\" aria-label=\"Next\" style=\"color:#333333; font-size:20px;\" class=\"slick-next default\"><i class=\"ultsl-arrow-right4\"><\/i><\/button>',prevArrow: '<button type=\"button\" role=\"button\" aria-label=\"Previous\" style=\"color:#333333; font-size:20px;\" class=\"slick-prev default\"><i class=\"ultsl-arrow-left4\"><\/i><\/button>',slidesToScroll:1,slidesToShow:1,swipe: true,draggable: true,touchMove: true,pauseOnHover: true,responsive: [\r\n\t\t\t\t\t\t\t{\r\n\t\t\t\t\t\t\t  breakpoint: 1025,\r\n\t\t\t\t\t\t\t  settings: {\r\n\t\t\t\t\t\t\t\tslidesToShow: 1,\r\n\t\t\t\t\t\t\t\tslidesToScroll: 1,  \r\n\t\t\t\t\t\t\t  }\r\n\t\t\t\t\t\t\t},\r\n\t\t\t\t\t\t\t{\r\n\t\t\t\t\t\t\t  breakpoint: 769,\r\n\t\t\t\t\t\t\t  settings: {\r\n\t\t\t\t\t\t\t\tslidesToShow: 1,\r\n\t\t\t\t\t\t\t\tslidesToScroll: 1\r\n\t\t\t\t\t\t\t  }\r\n\t\t\t\t\t\t\t},\r\n\t\t\t\t\t\t\t{\r\n\t\t\t\t\t\t\t  breakpoint: 481,\r\n\t\t\t\t\t\t\t  settings: {\r\n\t\t\t\t\t\t\t\tslidesToShow: 1,\r\n\t\t\t\t\t\t\t\tslidesToScroll: 1\r\n\t\t\t\t\t\t\t  }\r\n\t\t\t\t\t\t\t}\r\n\t\t\t\t\t\t],pauseOnDotsHover: true,customPaging: function(slider, i) {\r\n                   return '<i type=\"button\" style= \"color:#333333;\" class=\"ultsl-record\" data-role=\"none\"><\/i>';\r\n                },});\r\n\t\t\t\t\t}\r\n\t\t\t\t});\r\n\t\t\t<\/script>\r\n\t\t\t[\/vc_column][\/vc_row][vc_row][vc_column][vc_separator][vc_column_text]<\/p>\n<h3 style=\"text-align: center;\"><strong>Quand l&rsquo;innovation rencontre l&rsquo;art<\/strong><\/h3>\n<p>[\/vc_column_text][vc_raw_html]JTNDdmlkZW8lMjBzdHlsZSUzRCUyMm1heC13aWR0aCUzQTEwMCUyNSUzQiUyMiUyMGF1dG9wbGF5JTNEJTIyJTIyJTIwbXV0ZWQlM0QlMjIlMjIlMjBsb29wJTNEJTIyJTIyJTIwcGxheXNpbmxpbmUlM0QlMjIlMjIlM0UlMEElMjAlMjAlMjAlMjAlMjAlMjAlMjAlMjAlMjAlMjAlMjAlMjAlM0Nzb3VyY2UlMjBzcmMlM0QlMjJodHRwcyUzQSUyRiUyRnd3dy5pb25ueWsuY29tJTJGd3AtY29udGVudCUyRnVwbG9hZHMlMkYyMDI1JTJGMDElMkZSRVZFUlNFLUlvbm55ay1JbmstUGFydGljbGVzLU1BU1RFUi0wMV8yXzEubXA0JTIyJTNFJTBBJTIwWW91ciUyMGJyb3dzZXIlMjBkb2VzJTIwbm90JTIwc3VwcG9ydCUyMHRoZSUyMHZpZGVvJTIwdGFnLiUwQSUyMCUyMCUyMCUyMCUyMCUyMCUyMCUyMCUzQyUyRnNvdXJjZSUzRSUzQyUyRnZpZGVvJTNF[\/vc_raw_html][vc_column_text]<\/p>\n<h3 style=\"text-align: center;\"><span style=\"font-weight: 400;\">Gr\u00e2ce au cadre IONNYK et sa technologie e-paper, profitez de milliers de photographies d\u2019art exceptionnelles, si r\u00e9alistes qu\u2019elles se confondent avec du papier. <\/span><span style=\"font-weight: 400;\">Offrez-vous le luxe du changement \u00e0 tout instant et vivez une exp\u00e9rience artistique et innovante unique depuis votre salon.<\/span><\/h3>\n<p>[\/vc_column_text][vc_raw_html el_class=\u00a0\u00bbtext-center\u00a0\u00bb]JTNDYSUyMGhyZWYlM0QlMjIlMjNmb3JtLWxhbmRpbmclMjIlMjBjbGFzcyUzRCUyMmJ0biUyMGJ0bi1zZWNvbmRhcnklMjIlM0VKZSUyMHZldXglMjBjb21wcmVuZHJlJTNDJTJGYSUzRQ==[\/vc_raw_html][vc_empty_space][\/vc_column][\/vc_row][vc_row content_placement=\u00a0\u00bbmiddle\u00a0\u00bb][vc_column width=\u00a0\u00bb1\/2&Prime;][vc_single_image image=\u00a0\u00bb9457&Prime; img_size=\u00a0\u00bbfull\u00a0\u00bb][\/vc_column][vc_column width=\u00a0\u00bb1\/2&Prime;][vc_column_text]<\/p>\n<h3><strong>Une exp\u00e9rience immersive unique<\/strong><\/h3>\n<p>[\/vc_column_text][vc_column_text]<strong>3 secondes<\/strong>, c\u2019est le temps qu\u2019il faut pour d\u00e9couvrir une nouvelle \u0153uvre d\u2019art dans votre cadre IONNYK. Vous pouvez la modifier \u00e0 l\u2019aide de votre smartphone.[\/vc_column_text][vc_empty_space][vc_raw_html el_class=\u00a0\u00bbtext-left\u00a0\u00bb]JTNDYSUyMGhyZWYlM0QlMjIlMjNmb3JtLWxhbmRpbmclMjIlMjBjbGFzcyUzRCUyMmJ0biUyMGJ0bi1zZWNvbmRhcnklMjIlM0VEJUMzJUE5Y291dnJpciUyMGwlMjdvZmZyZSUyMGVuJTIwZXhjbHVzaXZpdCVDMyVBOSUzQyUyRmElM0U=[\/vc_raw_html][\/vc_column][\/vc_row][vc_row][vc_column][vc_empty_space height=\u00a0\u00bb60px\u00a0\u00bb][\/vc_column][\/vc_row][vc_row rtl_reverse=\u00a0\u00bbyes\u00a0\u00bb content_placement=\u00a0\u00bbmiddle\u00a0\u00bb el_class=\u00a0\u00bbrow-reverse\u00a0\u00bb][vc_column width=\u00a0\u00bb5\/12&Prime;][vc_column_text]<\/p>\n<h3><strong>Une galerie d&rsquo;art \u00e0 la maison<\/strong><\/h3>\n<p>[\/vc_column_text][vc_column_text]<\/p>\n<div class=\"wpb_text_column wpb_content_element \">\n<div class=\"wpb_wrapper\">\n<p><strong>Un catalogue d\u2019\u0153uvre d\u2019art en constante \u00e9volution<\/strong>\u00a0avec plus de\u00a0<strong>1000 photographies<\/strong>\u00a0originales diff\u00e9rentes et un choix parmi<strong>\u00a03 formats de cadre<\/strong>.<\/p>\n<\/div>\n<\/div>\n<p>[\/vc_column_text][\/vc_column][vc_column width=\u00a0\u00bb1\/12&Prime;][\/vc_column][vc_column width=\u00a0\u00bb6\/12&Prime;][vc_single_image image=\u00a0\u00bb7863&Prime; img_size=\u00a0\u00bbfull\u00a0\u00bb alignment=\u00a0\u00bbcenter\u00a0\u00bb][\/vc_column][\/vc_row][vc_row][vc_column][vc_empty_space height=\u00a0\u00bb60px\u00a0\u00bb][\/vc_column][\/vc_row][vc_row content_placement=\u00a0\u00bbmiddle\u00a0\u00bb][vc_column width=\u00a0\u00bb6\/12&Prime;][vc_single_image image=\u00a0\u00bb9260&Prime; img_size=\u00a0\u00bbfull\u00a0\u00bb alignment=\u00a0\u00bbcenter\u00a0\u00bb][\/vc_column][vc_column width=\u00a0\u00bb1\/12&Prime;][\/vc_column][vc_column width=\u00a0\u00bb5\/12&Prime;][vc_column_text]<\/p>\n<h3><strong>Vos photos personnelles<\/strong><\/h3>\n<p>[\/vc_column_text][vc_column_text]<strong>\u00c9levez aussi vos plus belles photos personnelles au rang d\u2019\u0153uvres d\u2019art<\/strong>\u00a0pour en faire profiter vos proches.[\/vc_column_text][vc_empty_space height=\u00a0\u00bb30px\u00a0\u00bb][vc_raw_html el_class=\u00a0\u00bbtext-left\u00a0\u00bb]JTNDYSUyMGhyZWYlM0QlMjIlMjNmb3JtLWxhbmRpbmclMjIlMjBjbGFzcyUzRCUyMmJ0biUyMGJ0bi1zZWNvbmRhcnklMjIlM0VFbiUyMHNhdm9pciUyMHBsdXMlM0MlMkZhJTNF[\/vc_raw_html][\/vc_column][\/vc_row][vc_row][vc_column][vc_empty_space height=\u00a0\u00bb60px\u00a0\u00bb][\/vc_column][\/vc_row][vc_row content_placement=\u00a0\u00bbmiddle\u00a0\u00bb el_class=\u00a0\u00bbrow-reverse\u00a0\u00bb][vc_column width=\u00a0\u00bb5\/12&Prime;][vc_column_text]<\/p>\n<h3><strong>Un rendu plus vrai que nature<\/strong><\/h3>\n<p>[\/vc_column_text][vc_column_text]Gr\u00e2ce \u00e0 l\u2019encre E-paper, profitez d\u2019une photographie d\u2019une qualit\u00e9 visuelle exceptionnelle,\u00a0<strong>si r\u00e9aliste qu\u2019elle se confond avec du papier<\/strong>.[\/vc_column_text][vc_empty_space height=\u00a0\u00bb30&Prime;][vc_raw_html el_class=\u00a0\u00bbtext-left\u00a0\u00bb]JTNDYSUyMGhyZWYlM0QlMjIlMjNmb3JtLWxhbmRpbmclMjIlMjBjbGFzcyUzRCUyMmJ0biUyMGJ0bi1zZWNvbmRhcnklMjIlM0VKZSUyMHZldXglMjBjb21wcmVuZHJlJTNDJTJGYSUzRQ==[\/vc_raw_html][\/vc_column][vc_column width=\u00a0\u00bb1\/12&Prime;][\/vc_column][vc_column width=\u00a0\u00bb6\/12&Prime;][vc_single_image image=\u00a0\u00bb8932&Prime; img_size=\u00a0\u00bbfull\u00a0\u00bb alignment=\u00a0\u00bbcenter\u00a0\u00bb][\/vc_column][\/vc_row][vc_row][vc_column][vc_empty_space height=\u00a0\u00bb60px\u00a0\u00bb][\/vc_column][\/vc_row][vc_row content_placement=\u00a0\u00bbmiddle\u00a0\u00bb][vc_column width=\u00a0\u00bb6\/12&Prime;][vc_single_image image=\u00a0\u00bb9264&Prime; img_size=\u00a0\u00bbfull\u00a0\u00bb alignment=\u00a0\u00bbcenter\u00a0\u00bb][\/vc_column][vc_column width=\u00a0\u00bb5\/12&Prime;][vc_column_text]<\/p>\n<h3><strong>100% sans c\u00e2ble et durable\u00a0<\/strong><\/h3>\n<p>[\/vc_column_text][vc_column_text]<strong>Un cadre 100% sans c\u00e2ble et durable<\/strong>, sans \u00e9mission de lumi\u00e8re et avec une autonomie d\u2019un an sur un seul cycle de recharge.[\/vc_column_text][\/vc_column][vc_column width=\u00a0\u00bb1\/12&Prime;][\/vc_column][\/vc_row][vc_row bg_type=\u00a0\u00bbbg_color\u00a0\u00bb bg_override=\u00a0\u00bbfull\u00a0\u00bb bg_color_value=\u00a0\u00bb#ffffff\u00a0\u00bb][vc_column width=\u00a0\u00bb1\/4&Prime;][\/vc_column][vc_column width=\u00a0\u00bb1\/2&Prime;][vc_empty_space height=\u00a0\u00bb100px\u00a0\u00bb][vc_column_text]<\/p>\n<h1 style=\"text-align: center;\"><span style=\"color: #000000;\"><strong>Offre limit\u00e9e<\/strong> : b\u00e9n\u00e9ficiez d\u2019un <strong>acc\u00e8s offert<\/strong> \u00e0 tout le catalogue Discovery <strong>pendant 3 mois<\/strong><\/span><\/h1>\n<p>[\/vc_column_text][vc_raw_html el_class=\u00a0\u00bbtext-center\u00a0\u00bb]JTNDYSUyMGhyZWYlM0QlMjIlMjNmb3JtLWxhbmRpbmclMjIlMjBjbGFzcyUzRCUyMmJ0biUyMGJ0bi1wcmltYXJ5JTIyJTNFSiVFMiU4MCU5OWVuJTIwcHJvZml0ZSUzQyUyRmElM0U=[\/vc_raw_html][vc_empty_space height=\u00a0\u00bb100px\u00a0\u00bb][\/vc_column][vc_column width=\u00a0\u00bb1\/4&Prime;][\/vc_column][\/vc_row][vc_row][vc_column][vc_empty_space height=\u00a0\u00bb60px\u00a0\u00bb][\/vc_column][\/vc_row][vc_row el_id=\u00a0\u00bbform-landing\u00a0\u00bb][vc_column][vc_row_inner][vc_column_inner width=\u00a0\u00bb1\/6&Prime;][\/vc_column_inner][vc_column_inner width=\u00a0\u00bb2\/3&Prime;][vc_column_text]<\/p>\n<h3 style=\"text-align: center;\"><strong>Inscrivez-vous pour d\u00e9couvrir cette innovation belge exclusive en avant-premi\u00e8re.<\/strong><\/h3>\n<p>[\/vc_column_text][vc_column_text]<\/p>\n<p style=\"text-align: center;\"><span style=\"font-weight: 400;\">Accordez-vous un moment de qualit\u00e9 pour entendre l\u2019histoire IONNYK de vive voix. Nous r\u00e9pondrons \u00e9galement \u00e0 toutes vos questions.<\/span><\/p>\n<p>[\/vc_column_text][\/vc_column_inner][vc_column_inner width=\u00a0\u00bb1\/6&Prime;][\/vc_column_inner][\/vc_row_inner][\/vc_column][\/vc_row][vc_row][vc_column][vc_raw_html]JTNDc2NyaXB0JTIwY2hhcnNldCUzRCUyMnV0Zi04JTIyJTIwdHlwZSUzRCUyMnRleHQlMkZqYXZhc2NyaXB0JTIyJTIwc3JjJTNEJTIyJTJGJTJGanMuaHNmb3Jtcy5uZXQlMkZmb3JtcyUyRmVtYmVkJTJGdjIuanMlMjIlM0UlM0MlMkZzY3JpcHQlM0UlMEElM0NzY3JpcHQlM0UlMEElMjAlMjBoYnNwdC5mb3Jtcy5jcmVhdGUlMjglN0IlMEElMjAlMjAlMjAlMjBwb3J0YWxJZCUzQSUyMCUyMjg2MDMyMzIlMjIlMkMlMEElMjAlMjAlMjAlMjBmb3JtSWQlM0ElMjAlMjI1YWFhYzNiNC0xZDk2LTQ5NTktOGNmOS1mYTYzMzZlMThiZDglMjIlMkMlMEElMjAlMjAlMjAlMjByZWdpb24lM0ElMjAlMjJuYTElMjIlMEElMjAlMjAlN0QlMjklM0IlMEElM0MlMkZzY3JpcHQlM0U=[\/vc_raw_html][\/vc_column][\/vc_row][vc_row][vc_column][vc_single_image image=\u00a0\u00bb10378&Prime; img_size=\u00a0\u00bbfull\u00a0\u00bb][\/vc_column][\/vc_row]<\/p>\n","protected":false},"excerpt":{"rendered":"[vc_row content_placement=\u00a0\u00bbmiddle\u00a0\u00bb][vc_column][vc_empty_space height=\u00a0\u00bb120px\u00a0\u00bb][\/vc_column][\/vc_row][vc_row content_placement=\u00a0\u00bbmiddle\u00a0\u00bb][vc_column width=\u00a0\u00bb1\/6&Prime;][\/vc_column][vc_column width=\u00a0\u00bb2\/3&Prime;][vc_column_text] Inscrivez-vous pour d\u00e9couvrir cette innovation belge exclusive en avant-premi\u00e8re. [\/vc_column_text][vc_raw_html]JTNDc2NyaXB0JTIwY2hhcnNldCUzRCUyMnV0Zi04JTIyJTIwdHlwZSUzRCUyMnRleHQlMkZqYXZhc2NyaXB0JTIyJTIwc3JjJTNEJTIyJTJGJTJGanMuaHNmb3Jtcy5uZXQlMkZmb3JtcyUyRmVtYmVkJTJGdjIuanMlMjIlM0UlM0MlMkZzY3JpcHQlM0UlMEElM0NzY3JpcHQlM0UlMEElMjAlMjBoYnNwdC5mb3Jtcy5jcmVhdGUlMjglN0IlMEElMjAlMjAlMjAlMjBwb3J0YWxJZCUzQSUyMCUyMjg2MDMyMzIlMjIlMkMlMEElMjAlMjAlMjAlMjBmb3JtSWQlM0ElMjAlMjI1YWM0NTk3NC02MTAyLTRjMzYtYWFlOS03NjIzNzBhMjdkMzklMjIlMkMlMEElMjAlMjAlMjAlMjByZWdpb24lM0ElMjAlMjJuYTElMjIlMEElMjAlMjAlN0QlMjklM0IlMEElM0MlMkZzY3JpcHQlM0U=[\/vc_raw_html][\/vc_column][vc_column width=\u00a0\u00bb1\/6&Prime;][\/vc_column][\/vc_row][vc_row content_placement=\u00a0\u00bbmiddle\u00a0\u00bb][vc_column][vc_raw_html]JTNDdmlkZW8lMjBzdHlsZSUzRCUyMndpZHRoJTNBMTAwJTI1JTNCJTIyJTIwYXV0b3BsYXklM0QlMjIlMjIlMjBtdXRlZCUzRCUyMiUyMiUyMGxvb3AlM0QlMjIlMjIlMjBwbGF5c2lubGluZSUzRCUyMiUyMiUzRSUwQSUyMCUyMCUyMCUyMCUyMCUyMCUyMCUyMCUyMCUyMCUyMCUyMCUzQ3NvdXJjZSUyMHNyYyUzRCUyMmh0dHBzJTNBJTJGJTJGd3d3Lmlvbm55ay5jb20lMkZ3cC1jb250ZW50JTJGdXBsb2FkcyUyRjIwMjQlMkYxMCUyRkphbmUubXA0JTIyJTNFJTBBJTIwJTIwJTIwJTIwJTIwJTIwJTIwJTIwJTIwJTIwJTIwJTIwWW91ciUyMGJyb3dzZXIlMjBkb2VzJTIwbm90JTIwc3VwcG9ydCUyMHRoZSUyMHZpZGVvJTIwdGFnLiUwQSUyMCUyMCUyMCUyMCUyMCUyMCUyMCUyMCUzQyUyRnZpZGVvJTNF[\/vc_raw_html][vc_empty_space][\/vc_column][\/vc_row][vc_row][vc_column][\/vc_column][\/vc_row][vc_row][vc_column][vc_separator][vc_column_text] Quand l&rsquo;innovation rencontre l&rsquo;art [\/vc_column_text][vc_raw_html]JTNDdmlkZW8lMjBzdHlsZSUzRCUyMm1heC13aWR0aCUzQTEwMCUyNSUzQiUyMiUyMGF1dG9wbGF5JTNEJTIyJTIyJTIwbXV0ZWQlM0QlMjIlMjIlMjBsb29wJTNEJTIyJTIyJTIwcGxheXNpbmxpbmUlM0QlMjIlMjIlM0UlMEElMjAlMjAlMjAlMjAlMjAlMjAlMjAlMjAlMjAlMjAlMjAlMjAlM0Nzb3VyY2UlMjBzcmMlM0QlMjJodHRwcyUzQSUyRiUyRnd3dy5pb25ueWsuY29tJTJGd3AtY29udGVudCUyRnVwbG9hZHMlMkYyMDI1JTJGMDElMkZSRVZFUlNFLUlvbm55ay1JbmstUGFydGljbGVzLU1BU1RFUi0wMV8yXzEubXA0JTIyJTNFJTBBJTIwWW91ciUyMGJyb3dzZXIlMjBkb2VzJTIwbm90JTIwc3VwcG9ydCUyMHRoZSUyMHZpZGVvJTIwdGFnLiUwQSUyMCUyMCUyMCUyMCUyMCUyMCUyMCUyMCUzQyUyRnNvdXJjZSUzRSUzQyUyRnZpZGVvJTNF[\/vc_raw_html][vc_column_text] Gr\u00e2ce au cadre IONNYK et sa technologie e-paper, profitez de milliers de photographies d\u2019art exceptionnelles, si r\u00e9alistes qu\u2019elles se confondent avec du papier. Offrez-vous le luxe du changement \u00e0 tout instant et&#8230; <a class=\"view-article\" href=\"https:\/\/www.ionnyk.com\/fr\/getionnyk-be\/\">Voir l&rsquo;article<\/a>","protected":false},"author":5,"featured_media":0,"parent":0,"menu_order":41,"comment_status":"closed","ping_status":"closed","template":"template-landing.php","meta":{"content-type":""},"yoast_head":"<!-- This site is optimized with the Yoast SEO Premium plugin v19.4 (Yoast SEO v19.9) - https:\/\/yoast.com\/wordpress\/plugins\/seo\/ -->\n<title>Getionnyk BE<\/title>\n<meta name=\"description\" content=\"IONNYK : The only paper like digital art frame\" \/>\n<meta name=\"robots\" content=\"index, follow, max-snippet:-1, max-image-preview:large, max-video-preview:-1\" \/>\n<link rel=\"canonical\" href=\"https:\/\/www.ionnyk.com\/fr\/getionnyk-be\/\" \/>\n<meta property=\"og:locale\" content=\"fr_FR\" \/>\n<meta property=\"og:type\" content=\"article\" \/>\n<meta property=\"og:title\" content=\"Getionnyk BE\" \/>\n<meta property=\"og:description\" content=\"IONNYK : The only paper like digital art frame\" \/>\n<meta property=\"og:url\" content=\"https:\/\/www.ionnyk.com\/fr\/getionnyk-be\/\" \/>\n<meta property=\"og:site_name\" content=\"IONNYK\" \/>\n<meta property=\"article:publisher\" content=\"https:\/\/www.facebook.com\/ionnyk.art\" \/>\n<meta property=\"article:modified_time\" content=\"2026-03-17T14:59:59+00:00\" \/>\n<meta property=\"og:image\" content=\"https:\/\/www.ionnyk.com\/wp-content\/uploads\/2022\/06\/ionnyk.png\" \/>\n\t<meta property=\"og:image:width\" content=\"2538\" \/>\n\t<meta property=\"og:image:height\" content=\"1188\" \/>\n\t<meta property=\"og:image:type\" content=\"image\/png\" \/>\n<meta name=\"twitter:card\" content=\"summary_large_image\" \/>\n<meta name=\"twitter:label1\" content=\"Dur\u00e9e de lecture estim\u00e9e\" \/>\n\t<meta name=\"twitter:data1\" content=\"3 minutes\" \/>\n<script type=\"application\/ld+json\" class=\"yoast-schema-graph\">{\"@context\":\"https:\/\/schema.org\",\"@graph\":[{\"@type\":\"WebPage\",\"@id\":\"https:\/\/www.ionnyk.com\/fr\/getionnyk-be\/\",\"url\":\"https:\/\/www.ionnyk.com\/fr\/getionnyk-be\/\",\"name\":\"Getionnyk BE\",\"isPartOf\":{\"@id\":\"https:\/\/www.ionnyk.com\/fr\/#website\"},\"datePublished\":\"2025-05-05T13:00:21+00:00\",\"dateModified\":\"2026-03-17T14:59:59+00:00\",\"description\":\"IONNYK : The only paper like digital art frame\",\"breadcrumb\":{\"@id\":\"https:\/\/www.ionnyk.com\/fr\/getionnyk-be\/#breadcrumb\"},\"inLanguage\":\"fr-FR\",\"potentialAction\":[{\"@type\":\"ReadAction\",\"target\":[\"https:\/\/www.ionnyk.com\/fr\/getionnyk-be\/\"]}]},{\"@type\":\"BreadcrumbList\",\"@id\":\"https:\/\/www.ionnyk.com\/fr\/getionnyk-be\/#breadcrumb\",\"itemListElement\":[{\"@type\":\"ListItem\",\"position\":1,\"name\":\"Home\",\"item\":\"https:\/\/www.ionnyk.com\/fr\/\"},{\"@type\":\"ListItem\",\"position\":2,\"name\":\"Getionnyk BE\"}]},{\"@type\":\"WebSite\",\"@id\":\"https:\/\/www.ionnyk.com\/fr\/#website\",\"url\":\"https:\/\/www.ionnyk.com\/fr\/\",\"name\":\"IONNYK\",\"description\":\"The world&#039;s first e-paper Digital Art Frame\",\"potentialAction\":[{\"@type\":\"SearchAction\",\"target\":{\"@type\":\"EntryPoint\",\"urlTemplate\":\"https:\/\/www.ionnyk.com\/fr\/?s={search_term_string}\"},\"query-input\":\"required name=search_term_string\"}],\"inLanguage\":\"fr-FR\"}]}<\/script>\n<!-- \/ Yoast SEO Premium plugin. -->","yoast_head_json":{"title":"Getionnyk BE","description":"IONNYK : The only paper like digital art frame","robots":{"index":"index","follow":"follow","max-snippet":"max-snippet:-1","max-image-preview":"max-image-preview:large","max-video-preview":"max-video-preview:-1"},"canonical":"https:\/\/www.ionnyk.com\/fr\/getionnyk-be\/","og_locale":"fr_FR","og_type":"article","og_title":"Getionnyk BE","og_description":"IONNYK : The only paper like digital art frame","og_url":"https:\/\/www.ionnyk.com\/fr\/getionnyk-be\/","og_site_name":"IONNYK","article_publisher":"https:\/\/www.facebook.com\/ionnyk.art","article_modified_time":"2026-03-17T14:59:59+00:00","og_image":[{"width":2538,"height":1188,"url":"https:\/\/www.ionnyk.com\/wp-content\/uploads\/2022\/06\/ionnyk.png","type":"image\/png"}],"twitter_card":"summary_large_image","twitter_misc":{"Dur\u00e9e de lecture estim\u00e9e":"3 minutes"},"schema":{"@context":"https:\/\/schema.org","@graph":[{"@type":"WebPage","@id":"https:\/\/www.ionnyk.com\/fr\/getionnyk-be\/","url":"https:\/\/www.ionnyk.com\/fr\/getionnyk-be\/","name":"Getionnyk BE","isPartOf":{"@id":"https:\/\/www.ionnyk.com\/fr\/#website"},"datePublished":"2025-05-05T13:00:21+00:00","dateModified":"2026-03-17T14:59:59+00:00","description":"IONNYK : The only paper like digital art frame","breadcrumb":{"@id":"https:\/\/www.ionnyk.com\/fr\/getionnyk-be\/#breadcrumb"},"inLanguage":"fr-FR","potentialAction":[{"@type":"ReadAction","target":["https:\/\/www.ionnyk.com\/fr\/getionnyk-be\/"]}]},{"@type":"BreadcrumbList","@id":"https:\/\/www.ionnyk.com\/fr\/getionnyk-be\/#breadcrumb","itemListElement":[{"@type":"ListItem","position":1,"name":"Home","item":"https:\/\/www.ionnyk.com\/fr\/"},{"@type":"ListItem","position":2,"name":"Getionnyk BE"}]},{"@type":"WebSite","@id":"https:\/\/www.ionnyk.com\/fr\/#website","url":"https:\/\/www.ionnyk.com\/fr\/","name":"IONNYK","description":"The world&#039;s first e-paper Digital Art Frame","potentialAction":[{"@type":"SearchAction","target":{"@type":"EntryPoint","urlTemplate":"https:\/\/www.ionnyk.com\/fr\/?s={search_term_string}"},"query-input":"required name=search_term_string"}],"inLanguage":"fr-FR"}]}},"acf":[],"_links":{"self":[{"href":"https:\/\/www.ionnyk.com\/fr\/wp-json\/wp\/v2\/pages\/10835"}],"collection":[{"href":"https:\/\/www.ionnyk.com\/fr\/wp-json\/wp\/v2\/pages"}],"about":[{"href":"https:\/\/www.ionnyk.com\/fr\/wp-json\/wp\/v2\/types\/page"}],"author":[{"embeddable":true,"href":"https:\/\/www.ionnyk.com\/fr\/wp-json\/wp\/v2\/users\/5"}],"replies":[{"embeddable":true,"href":"https:\/\/www.ionnyk.com\/fr\/wp-json\/wp\/v2\/comments?post=10835"}],"version-history":[{"count":7,"href":"https:\/\/www.ionnyk.com\/fr\/wp-json\/wp\/v2\/pages\/10835\/revisions"}],"predecessor-version":[{"id":10866,"href":"https:\/\/www.ionnyk.com\/fr\/wp-json\/wp\/v2\/pages\/10835\/revisions\/10866"}],"wp:attachment":[{"href":"https:\/\/www.ionnyk.com\/fr\/wp-json\/wp\/v2\/media?parent=10835"}],"curies":[{"name":"wp","href":"https:\/\/api.w.org\/{rel}","templated":true}]}}