{"id":10325,"date":"2024-12-09T14:28:40","date_gmt":"2024-12-09T13:28:40","guid":{"rendered":"https:\/\/www.ionnyk.com\/?page_id=10325"},"modified":"2025-03-25T11:10:06","modified_gmt":"2025-03-25T10:10:06","slug":"lesarmures","status":"publish","type":"page","link":"https:\/\/www.ionnyk.com\/fr\/lesarmures\/","title":{"rendered":"Les Armures"},"content":{"rendered":"<p>[vc_row content_placement=\u00a0\u00bbmiddle\u00a0\u00bb][vc_column][vc_empty_space][vc_empty_space][vc_empty_space][vc_single_image image=\u00a0\u00bb8350&Prime; img_size=\u00a0\u00bblarge\u00a0\u00bb alignment=\u00a0\u00bbcenter\u00a0\u00bb][vc_single_image image=\u00a0\u00bb10326&Prime; img_size=\u00a0\u00bblarge\u00a0\u00bb alignment=\u00a0\u00bbcenter\u00a0\u00bb][vc_empty_space][vc_empty_space][vc_column_text]<\/p>\n<h3 style=\"text-align: center;\"><span style=\"font-weight: 400;\">Laissez-vous subjuguer par <strong>la magie du cadre IONNYK et sa technologie du papier \u00e9lectronique<\/strong>. Ses millions de capsules d\u2019encre magn\u00e9tis\u00e9es vous permettront de <strong>profiter pleinement d\u2019une galerie d\u2019art \u00e0 la maison en constante \u00e9volution<\/strong>.<\/span><\/h3>\n<p>[\/vc_column_text][vc_raw_html]JTNDdmlkZW8lMjBzdHlsZSUzRCUyMndpZHRoJTNBMTAwJTI1JTNCJTIyJTIwYXV0b3BsYXklM0QlMjIlMjIlMjBtdXRlZCUzRCUyMiUyMiUyMGxvb3AlM0QlMjIlMjIlMjBwbGF5c2lubGluZSUzRCUyMiUyMiUzRSUwQSUyMCUyMCUyMCUyMCUyMCUyMCUyMCUyMCUyMCUyMCUyMCUyMCUzQ3NvdXJjZSUyMHNyYyUzRCUyMmh0dHBzJTNBJTJGJTJGd3d3Lmlvbm55ay5jb20lMkZ3cC1jb250ZW50JTJGdXBsb2FkcyUyRjIwMjUlMkYwMyUyRkNvdmVyLUUtU0hPUC5tcDQlMjIlM0UlMEElMjAlMjAlMjAlMjAlMjAlMjAlMjAlMjAlMjAlMjAlMjAlMjBZb3VyJTIwYnJvd3NlciUyMGRvZXMlMjBub3QlMjBzdXBwb3J0JTIwdGhlJTIwdmlkZW8lMjB0YWcuJTBBJTIwJTIwJTIwJTIwJTIwJTIwJTIwJTIwJTNDJTJGdmlkZW8lM0U=[\/vc_raw_html][\/vc_column][\/vc_row][vc_row content_placement=\u00a0\u00bbmiddle\u00a0\u00bb][vc_column]<div id=\"ult-carousel-6024432669ea3e89ac20f\" class=\"ult-carousel-wrapper   ult_horizontal\" data-gutter=\"15\" data-rtl=\"false\" ><div class=\"ult-carousel-17306283369ea3e89ac056 \" >[vc_single_image image=\u00a0\u00bb9230&Prime; img_size=\u00a0\u00bbfull\u00a0\u00bb alignment=\u00a0\u00bbcenter\u00a0\u00bb][vc_single_image image=\u00a0\u00bb9233&Prime; img_size=\u00a0\u00bbfull\u00a0\u00bb alignment=\u00a0\u00bbcenter\u00a0\u00bb][vc_single_image image=\u00a0\u00bb9236&Prime; img_size=\u00a0\u00bbfull\u00a0\u00bb alignment=\u00a0\u00bbcenter\u00a0\u00bb][vc_single_image image=\u00a0\u00bb9239&Prime; img_size=\u00a0\u00bbfull\u00a0\u00bb alignment=\u00a0\u00bbcenter\u00a0\u00bb][vc_single_image image=\u00a0\u00bb9242&Prime; img_size=\u00a0\u00bbfull\u00a0\u00bb alignment=\u00a0\u00bbcenter\u00a0\u00bb]<\/div><\/div>\t\t\t<script type=\"text\/javascript\">\r\n\t\t\t\tjQuery(document).ready(function ($) {\r\n\t\t\t\t\tif( typeof jQuery('.ult-carousel-17306283369ea3e89ac056').slick == \"function\"){\r\n\t\t\t\t\t\t$('.ult-carousel-17306283369ea3e89ac056').slick({dots: true,autoplay: true,autoplaySpeed: 5000,speed: 300,infinite: true,arrows: true,nextArrow: '<button type=\"button\" role=\"button\" aria-label=\"Next\" style=\"color:#ffffff; font-size:20px;\" class=\"slick-next default\"><i class=\"ultsl-arrow-right6\"><\/i><\/button>',prevArrow: '<button type=\"button\" role=\"button\" aria-label=\"Previous\" style=\"color:#ffffff; font-size:20px;\" class=\"slick-prev default\"><i class=\"ultsl-arrow-left6\"><\/i><\/button>',slidesToScroll:2,slidesToShow:2,swipe: true,draggable: true,touchMove: true,pauseOnHover: true,responsive: [\r\n\t\t\t\t\t\t\t{\r\n\t\t\t\t\t\t\t  breakpoint: 1025,\r\n\t\t\t\t\t\t\t  settings: {\r\n\t\t\t\t\t\t\t\tslidesToShow: 2,\r\n\t\t\t\t\t\t\t\tslidesToScroll: 2,  \r\n\t\t\t\t\t\t\t  }\r\n\t\t\t\t\t\t\t},\r\n\t\t\t\t\t\t\t{\r\n\t\t\t\t\t\t\t  breakpoint: 769,\r\n\t\t\t\t\t\t\t  settings: {\r\n\t\t\t\t\t\t\t\tslidesToShow: 1,\r\n\t\t\t\t\t\t\t\tslidesToScroll: 1\r\n\t\t\t\t\t\t\t  }\r\n\t\t\t\t\t\t\t},\r\n\t\t\t\t\t\t\t{\r\n\t\t\t\t\t\t\t  breakpoint: 481,\r\n\t\t\t\t\t\t\t  settings: {\r\n\t\t\t\t\t\t\t\tslidesToShow: 1,\r\n\t\t\t\t\t\t\t\tslidesToScroll: 1\r\n\t\t\t\t\t\t\t  }\r\n\t\t\t\t\t\t\t}\r\n\t\t\t\t\t\t],pauseOnDotsHover: true,customPaging: function(slider, i) {\r\n                   return '<i type=\"button\" style= \"color:#ffffff;\" class=\"ultsl-record\" data-role=\"none\"><\/i>';\r\n                },});\r\n\t\t\t\t\t}\r\n\t\t\t\t});\r\n\t\t\t<\/script>\r\n\t\t\t[\/vc_column][\/vc_row][vc_row][vc_column][vc_empty_space height=\u00a0\u00bb60px\u00a0\u00bb][vc_separator][vc_column_text]<\/p>\n<h3 style=\"text-align: center;\"><strong>Quand l&rsquo;innovation rencontre l&rsquo;art<\/strong><\/h3>\n<p>[\/vc_column_text][vc_empty_space height=\u00a0\u00bb60px\u00a0\u00bb][\/vc_column][\/vc_row][vc_row content_placement=\u00a0\u00bbmiddle\u00a0\u00bb][vc_column width=\u00a0\u00bb1\/2&Prime;][vc_single_image image=\u00a0\u00bb9457&Prime; img_size=\u00a0\u00bbfull\u00a0\u00bb][\/vc_column][vc_column width=\u00a0\u00bb1\/2&Prime;][vc_column_text]<\/p>\n<h3><strong>Une exp\u00e9rience immersive unique<\/strong><\/h3>\n<p>[\/vc_column_text][vc_column_text]<span style=\"font-weight: 400;\"><strong>3 secondes<\/strong>, c\u2019est le temps qu\u2019il faut pour d\u00e9couvrir une nouvelle \u0153uvre d\u2019art dans votre cadre IONNYK. Vous pouvez la modifier \u00e0 l\u2019aide de votre smartphone.<\/span>[\/vc_column_text][vc_empty_space height=\u00a0\u00bb30px\u00a0\u00bb][vc_raw_html el_class=\u00a0\u00bbtext-left\u00a0\u00bb]JTNDYSUyMGhyZWYlM0QlMjIlMjNmb3JtLWxhbmRpbmclMjIlMjBjbGFzcyUzRCUyMmJ0biUyMGJ0bi1zZWNvbmRhcnklMjIlM0UlQzMlODdhJTIwbSUyN2ludCVDMyVBOXJlc3NlJTNDJTJGYSUzRQ==[\/vc_raw_html][\/vc_column][\/vc_row][vc_row][vc_column][vc_empty_space height=\u00a0\u00bb60px\u00a0\u00bb][\/vc_column][\/vc_row][vc_row rtl_reverse=\u00a0\u00bbyes\u00a0\u00bb content_placement=\u00a0\u00bbmiddle\u00a0\u00bb el_class=\u00a0\u00bbrow-reverse\u00a0\u00bb][vc_column width=\u00a0\u00bb1\/2&Prime;][vc_column_text]<\/p>\n<h3><strong>Une galerie d&rsquo;art \u00e0 la maison <\/strong><\/h3>\n<p>[\/vc_column_text][vc_column_text]<span style=\"font-weight: 400;\"><strong>Un catalogue d&rsquo;\u0153uvre d&rsquo;art en constante \u00e9volution<\/strong> avec plus de <strong>1000 photographies<\/strong> originales diff\u00e9rentes et un choix parmi<strong> 3 formats de cadre<\/strong>.<\/span>[\/vc_column_text][vc_empty_space height=\u00a0\u00bb30&Prime;][vc_raw_html el_class=\u00a0\u00bbtext-left\u00a0\u00bb]JTNDYSUyMGhyZWYlM0QlMjIlMjNmb3JtLWxhbmRpbmclMjIlMjBjbGFzcyUzRCUyMmJ0biUyMGJ0bi1zZWNvbmRhcnklMjIlM0VEJUMzJUE5Y291dnJpciUyMGVuJTIwZXhjbHVzaXZpdCVDMyVBOSUzQyUyRmElM0U=[\/vc_raw_html][\/vc_column][vc_column width=\u00a0\u00bb1\/2&Prime;][vc_single_image image=\u00a0\u00bb7863&Prime; img_size=\u00a0\u00bbfull\u00a0\u00bb alignment=\u00a0\u00bbcenter\u00a0\u00bb][\/vc_column][\/vc_row][vc_row][vc_column][vc_empty_space height=\u00a0\u00bb60px\u00a0\u00bb][\/vc_column][\/vc_row][vc_row content_placement=\u00a0\u00bbmiddle\u00a0\u00bb][vc_column width=\u00a0\u00bb1\/2&Prime;][vc_single_image image=\u00a0\u00bb9260&Prime; img_size=\u00a0\u00bbfull\u00a0\u00bb alignment=\u00a0\u00bbcenter\u00a0\u00bb][\/vc_column][vc_column width=\u00a0\u00bb1\/2&Prime;][vc_column_text]<\/p>\n<h3><strong>Vos photos personnelles <\/strong><\/h3>\n<p>[\/vc_column_text][vc_column_text]<span style=\"font-weight: 400;\"><strong>\u00c9levez aussi vos plus belles photos personnelles au rang d&rsquo;\u0153uvres d&rsquo;art<\/strong> pour en faire profiter vos proches.<\/span>[\/vc_column_text][vc_empty_space height=\u00a0\u00bb30&Prime;][vc_raw_html el_class=\u00a0\u00bbtext-left\u00a0\u00bb]JTNDYSUyMGhyZWYlM0QlMjIlMjNmb3JtLWxhbmRpbmclMjIlMjBjbGFzcyUzRCUyMmJ0biUyMGJ0bi1zZWNvbmRhcnklMjIlM0Vjb21tYW5kZXIlM0MlMkZhJTNF[\/vc_raw_html][\/vc_column][\/vc_row][vc_row][vc_column][vc_empty_space height=\u00a0\u00bb60px\u00a0\u00bb][\/vc_column][\/vc_row][vc_row rtl_reverse=\u00a0\u00bbyes\u00a0\u00bb content_placement=\u00a0\u00bbmiddle\u00a0\u00bb el_class=\u00a0\u00bbrow-reverse\u00a0\u00bb][vc_column width=\u00a0\u00bb1\/2&Prime;][vc_column_text]<\/p>\n<h3><strong>Un rendu plus vrai que nature <\/strong><\/h3>\n<p>[\/vc_column_text][vc_column_text]<span style=\"font-weight: 400;\">Gr\u00e2ce \u00e0 l&rsquo;encre E-paper, profitez d\u2019une photographie d&rsquo;une qualit\u00e9 visuelle exceptionnelle, <strong>si r\u00e9aliste qu&rsquo;elle se confond avec du papier<\/strong>.<\/span>[\/vc_column_text][vc_empty_space height=\u00a0\u00bb30&Prime;][vc_raw_html el_class=\u00a0\u00bbtext-left\u00a0\u00bb]JTNDYSUyMGhyZWYlM0QlMjIlMjNmb3JtLWxhbmRpbmclMjIlMjBjbGFzcyUzRCUyMmJ0biUyMGJ0bi1zZWNvbmRhcnklMjIlM0VKZSUyMHZldXglMjBjb21wcmVuZHJlJTNDJTJGYSUzRQ==[\/vc_raw_html][\/vc_column][vc_column width=\u00a0\u00bb1\/2&Prime;][vc_single_image image=\u00a0\u00bb8932&Prime; img_size=\u00a0\u00bbfull\u00a0\u00bb alignment=\u00a0\u00bbcenter\u00a0\u00bb][\/vc_column][\/vc_row][vc_row][vc_column][vc_empty_space height=\u00a0\u00bb60px\u00a0\u00bb][\/vc_column][\/vc_row][vc_row content_placement=\u00a0\u00bbmiddle\u00a0\u00bb][vc_column width=\u00a0\u00bb1\/2&Prime;][vc_single_image image=\u00a0\u00bb9264&Prime; img_size=\u00a0\u00bbfull\u00a0\u00bb alignment=\u00a0\u00bbcenter\u00a0\u00bb][\/vc_column][vc_column width=\u00a0\u00bb1\/2&Prime;][vc_column_text]<\/p>\n<h3><strong>100% sans c\u00e2ble et durable\u00a0 <\/strong><\/h3>\n<p>[\/vc_column_text][vc_column_text]<span style=\"font-weight: 400;\"><strong>Un cadre 100% sans c\u00e2ble et durable<\/strong>, sans \u00e9mission de lumi\u00e8re et avec une autonomie d\u2019un an sur un seul cycle de recharge.<\/span>[\/vc_column_text][vc_empty_space height=\u00a0\u00bb30&Prime;][vc_raw_html el_class=\u00a0\u00bbtext-left\u00a0\u00bb]JTNDYSUyMGhyZWYlM0QlMjIlMjNmb3JtLWxhbmRpbmclMjIlMjBjbGFzcyUzRCUyMmJ0biUyMGJ0bi1zZWNvbmRhcnklMjIlM0VQbHVzJTIwZCUyN2luZm9zJTNDJTJGYSUzRQ==[\/vc_raw_html][\/vc_column][\/vc_row][vc_row][vc_column][vc_empty_space height=\u00a0\u00bb60px\u00a0\u00bb][\/vc_column][\/vc_row][vc_row bg_type=\u00a0\u00bbbg_color\u00a0\u00bb bg_override=\u00a0\u00bbfull\u00a0\u00bb bg_color_value=\u00a0\u00bb#ffffff\u00a0\u00bb][vc_column width=\u00a0\u00bb1\/4&Prime;][\/vc_column][vc_column width=\u00a0\u00bb1\/2&Prime;][vc_empty_space height=\u00a0\u00bb100px\u00a0\u00bb][vc_column_text]<\/p>\n<h1 style=\"text-align: center;\"><span style=\"color: #000000;\"><strong>Offre limit\u00e9e<\/strong> : b\u00e9n\u00e9ficiez d\u2019un <strong>acc\u00e8s offert<\/strong> \u00e0 tout le catalogue Discovery <strong>pendant 3 mois<\/strong><\/span><\/h1>\n<p>[\/vc_column_text][vc_raw_html el_class=\u00a0\u00bbtext-center\u00a0\u00bb]JTNDYSUyMGhyZWYlM0QlMjIlMjNmb3JtLWxhbmRpbmclMjIlMjBjbGFzcyUzRCUyMmJ0biUyMGJ0bi1wcmltYXJ5JTIyJTNFSiVFMiU4MCU5OWVuJTIwcHJvZml0ZSUzQyUyRmElM0U=[\/vc_raw_html][vc_empty_space height=\u00a0\u00bb100px\u00a0\u00bb][\/vc_column][vc_column width=\u00a0\u00bb1\/4&Prime;][\/vc_column][\/vc_row][vc_row][vc_column][vc_empty_space height=\u00a0\u00bb60px\u00a0\u00bb][\/vc_column][\/vc_row][vc_row el_id=\u00a0\u00bbform-landing\u00a0\u00bb][vc_column][vc_column_text]<\/p>\n<h3 style=\"text-align: center;\"><strong>Le cadre IONNYK est une innovation exclusive et mondiale.<\/strong><\/h3>\n<p>[\/vc_column_text][vc_column_text]<\/p>\n<p style=\"text-align: center;\">Accordez-vous un moment de qualit\u00e9 pour entendre son histoire de vive voix. Nous r\u00e9pondons \u00e9galement \u00e0 toutes vos questions.<\/p>\n<p>[\/vc_column_text][\/vc_column][\/vc_row][vc_row][vc_column][vc_raw_html]JTNDc2NyaXB0JTIwY2hhcnNldCUzRCUyMnV0Zi04JTIyJTIwdHlwZSUzRCUyMnRleHQlMkZqYXZhc2NyaXB0JTIyJTIwc3JjJTNEJTIyJTJGJTJGanMuaHNmb3Jtcy5uZXQlMkZmb3JtcyUyRmVtYmVkJTJGdjIuanMlMjIlM0UlM0MlMkZzY3JpcHQlM0UlMEElM0NzY3JpcHQlM0UlMEElMjAlMjBoYnNwdC5mb3Jtcy5jcmVhdGUlMjglN0IlMEElMjAlMjAlMjAlMjBwb3J0YWxJZCUzQSUyMCUyMjg2MDMyMzIlMjIlMkMlMEElMjAlMjAlMjAlMjBmb3JtSWQlM0ElMjAlMjIzNDE5YjkzMi1hM2NkLTRmZjAtODJkOC1lMmJiODFjMzk2Y2ElMjIlMEElMjAlMjAlN0QlMjklM0IlMEElM0MlMkZzY3JpcHQlM0U=[\/vc_raw_html][\/vc_column][\/vc_row]<\/p>\n","protected":false},"excerpt":{"rendered":"[vc_row content_placement=\u00a0\u00bbmiddle\u00a0\u00bb][vc_column][vc_empty_space][vc_empty_space][vc_empty_space][vc_single_image image=\u00a0\u00bb8350&Prime; img_size=\u00a0\u00bblarge\u00a0\u00bb alignment=\u00a0\u00bbcenter\u00a0\u00bb][vc_single_image image=\u00a0\u00bb10326&Prime; img_size=\u00a0\u00bblarge\u00a0\u00bb alignment=\u00a0\u00bbcenter\u00a0\u00bb][vc_empty_space][vc_empty_space][vc_column_text] Laissez-vous subjuguer par la magie du cadre IONNYK et sa technologie du papier \u00e9lectronique. Ses millions de capsules d\u2019encre magn\u00e9tis\u00e9es vous permettront de profiter pleinement d\u2019une galerie d\u2019art \u00e0 la maison en constante \u00e9volution. [\/vc_column_text][vc_raw_html]JTNDdmlkZW8lMjBzdHlsZSUzRCUyMndpZHRoJTNBMTAwJTI1JTNCJTIyJTIwYXV0b3BsYXklM0QlMjIlMjIlMjBtdXRlZCUzRCUyMiUyMiUyMGxvb3AlM0QlMjIlMjIlMjBwbGF5c2lubGluZSUzRCUyMiUyMiUzRSUwQSUyMCUyMCUyMCUyMCUyMCUyMCUyMCUyMCUyMCUyMCUyMCUyMCUzQ3NvdXJjZSUyMHNyYyUzRCUyMmh0dHBzJTNBJTJGJTJGd3d3Lmlvbm55ay5jb20lMkZ3cC1jb250ZW50JTJGdXBsb2FkcyUyRjIwMjUlMkYwMyUyRkNvdmVyLUUtU0hPUC5tcDQlMjIlM0UlMEElMjAlMjAlMjAlMjAlMjAlMjAlMjAlMjAlMjAlMjAlMjAlMjBZb3VyJTIwYnJvd3NlciUyMGRvZXMlMjBub3QlMjBzdXBwb3J0JTIwdGhlJTIwdmlkZW8lMjB0YWcuJTBBJTIwJTIwJTIwJTIwJTIwJTIwJTIwJTIwJTNDJTJGdmlkZW8lM0U=[\/vc_raw_html][\/vc_column][\/vc_row][vc_row content_placement=\u00a0\u00bbmiddle\u00a0\u00bb][vc_column][\/vc_column][\/vc_row][vc_row][vc_column][vc_empty_space height=\u00a0\u00bb60px\u00a0\u00bb][vc_separator][vc_column_text] Quand l&rsquo;innovation rencontre l&rsquo;art [\/vc_column_text][vc_empty_space height=\u00a0\u00bb60px\u00a0\u00bb][\/vc_column][\/vc_row][vc_row content_placement=\u00a0\u00bbmiddle\u00a0\u00bb][vc_column width=\u00a0\u00bb1\/2&Prime;][vc_single_image image=\u00a0\u00bb9457&Prime; img_size=\u00a0\u00bbfull\u00a0\u00bb][\/vc_column][vc_column&#8230; <a class=\"view-article\" href=\"https:\/\/www.ionnyk.com\/fr\/lesarmures\/\">Voir l&rsquo;article<\/a>","protected":false},"author":5,"featured_media":0,"parent":0,"menu_order":41,"comment_status":"closed","ping_status":"closed","template":"template-landing-nomenu.php","meta":{"content-type":""},"yoast_head":"<!-- This site is optimized with the Yoast SEO Premium plugin v19.4 (Yoast SEO v19.9) - https:\/\/yoast.com\/wordpress\/plugins\/seo\/ -->\n<title>Les Armures<\/title>\n<meta name=\"description\" content=\"IONNYK : The only paper like digital art frame\" \/>\n<meta name=\"robots\" content=\"index, follow, max-snippet:-1, max-image-preview:large, max-video-preview:-1\" \/>\n<link rel=\"canonical\" href=\"https:\/\/www.ionnyk.com\/fr\/lesarmures\/\" \/>\n<meta property=\"og:locale\" content=\"fr_FR\" \/>\n<meta property=\"og:type\" content=\"article\" \/>\n<meta property=\"og:title\" content=\"Les Armures\" \/>\n<meta property=\"og:description\" content=\"IONNYK : The only paper like digital art frame\" \/>\n<meta property=\"og:url\" content=\"https:\/\/www.ionnyk.com\/fr\/lesarmures\/\" \/>\n<meta property=\"og:site_name\" content=\"IONNYK\" \/>\n<meta property=\"article:publisher\" content=\"https:\/\/www.facebook.com\/ionnyk.art\" \/>\n<meta property=\"article:modified_time\" content=\"2025-03-25T10:10:06+00:00\" \/>\n<meta property=\"og:image\" content=\"https:\/\/www.ionnyk.com\/wp-content\/uploads\/2022\/06\/ionnyk.png\" \/>\n\t<meta property=\"og:image:width\" content=\"2538\" \/>\n\t<meta property=\"og:image:height\" content=\"1188\" \/>\n\t<meta property=\"og:image:type\" content=\"image\/png\" \/>\n<meta name=\"twitter:card\" content=\"summary_large_image\" \/>\n<meta name=\"twitter:label1\" content=\"Dur\u00e9e de lecture estim\u00e9e\" \/>\n\t<meta name=\"twitter:data1\" content=\"2 minutes\" \/>\n<script type=\"application\/ld+json\" class=\"yoast-schema-graph\">{\"@context\":\"https:\/\/schema.org\",\"@graph\":[{\"@type\":\"WebPage\",\"@id\":\"https:\/\/www.ionnyk.com\/fr\/lesarmures\/\",\"url\":\"https:\/\/www.ionnyk.com\/fr\/lesarmures\/\",\"name\":\"Les Armures\",\"isPartOf\":{\"@id\":\"https:\/\/www.ionnyk.com\/fr\/#website\"},\"datePublished\":\"2024-12-09T13:28:40+00:00\",\"dateModified\":\"2025-03-25T10:10:06+00:00\",\"description\":\"IONNYK : The only paper like digital art frame\",\"breadcrumb\":{\"@id\":\"https:\/\/www.ionnyk.com\/fr\/lesarmures\/#breadcrumb\"},\"inLanguage\":\"fr-FR\",\"potentialAction\":[{\"@type\":\"ReadAction\",\"target\":[\"https:\/\/www.ionnyk.com\/fr\/lesarmures\/\"]}]},{\"@type\":\"BreadcrumbList\",\"@id\":\"https:\/\/www.ionnyk.com\/fr\/lesarmures\/#breadcrumb\",\"itemListElement\":[{\"@type\":\"ListItem\",\"position\":1,\"name\":\"Home\",\"item\":\"https:\/\/www.ionnyk.com\/fr\/\"},{\"@type\":\"ListItem\",\"position\":2,\"name\":\"Les Armures\"}]},{\"@type\":\"WebSite\",\"@id\":\"https:\/\/www.ionnyk.com\/fr\/#website\",\"url\":\"https:\/\/www.ionnyk.com\/fr\/\",\"name\":\"IONNYK\",\"description\":\"The world&#039;s first e-paper Digital Art Frame\",\"potentialAction\":[{\"@type\":\"SearchAction\",\"target\":{\"@type\":\"EntryPoint\",\"urlTemplate\":\"https:\/\/www.ionnyk.com\/fr\/?s={search_term_string}\"},\"query-input\":\"required name=search_term_string\"}],\"inLanguage\":\"fr-FR\"}]}<\/script>\n<!-- \/ Yoast SEO Premium plugin. -->","yoast_head_json":{"title":"Les Armures","description":"IONNYK : The only paper like digital art frame","robots":{"index":"index","follow":"follow","max-snippet":"max-snippet:-1","max-image-preview":"max-image-preview:large","max-video-preview":"max-video-preview:-1"},"canonical":"https:\/\/www.ionnyk.com\/fr\/lesarmures\/","og_locale":"fr_FR","og_type":"article","og_title":"Les Armures","og_description":"IONNYK : The only paper like digital art frame","og_url":"https:\/\/www.ionnyk.com\/fr\/lesarmures\/","og_site_name":"IONNYK","article_publisher":"https:\/\/www.facebook.com\/ionnyk.art","article_modified_time":"2025-03-25T10:10:06+00:00","og_image":[{"width":2538,"height":1188,"url":"https:\/\/www.ionnyk.com\/wp-content\/uploads\/2022\/06\/ionnyk.png","type":"image\/png"}],"twitter_card":"summary_large_image","twitter_misc":{"Dur\u00e9e de lecture estim\u00e9e":"2 minutes"},"schema":{"@context":"https:\/\/schema.org","@graph":[{"@type":"WebPage","@id":"https:\/\/www.ionnyk.com\/fr\/lesarmures\/","url":"https:\/\/www.ionnyk.com\/fr\/lesarmures\/","name":"Les Armures","isPartOf":{"@id":"https:\/\/www.ionnyk.com\/fr\/#website"},"datePublished":"2024-12-09T13:28:40+00:00","dateModified":"2025-03-25T10:10:06+00:00","description":"IONNYK : The only paper like digital art frame","breadcrumb":{"@id":"https:\/\/www.ionnyk.com\/fr\/lesarmures\/#breadcrumb"},"inLanguage":"fr-FR","potentialAction":[{"@type":"ReadAction","target":["https:\/\/www.ionnyk.com\/fr\/lesarmures\/"]}]},{"@type":"BreadcrumbList","@id":"https:\/\/www.ionnyk.com\/fr\/lesarmures\/#breadcrumb","itemListElement":[{"@type":"ListItem","position":1,"name":"Home","item":"https:\/\/www.ionnyk.com\/fr\/"},{"@type":"ListItem","position":2,"name":"Les Armures"}]},{"@type":"WebSite","@id":"https:\/\/www.ionnyk.com\/fr\/#website","url":"https:\/\/www.ionnyk.com\/fr\/","name":"IONNYK","description":"The world&#039;s first e-paper Digital Art Frame","potentialAction":[{"@type":"SearchAction","target":{"@type":"EntryPoint","urlTemplate":"https:\/\/www.ionnyk.com\/fr\/?s={search_term_string}"},"query-input":"required name=search_term_string"}],"inLanguage":"fr-FR"}]}},"acf":[],"_links":{"self":[{"href":"https:\/\/www.ionnyk.com\/fr\/wp-json\/wp\/v2\/pages\/10325"}],"collection":[{"href":"https:\/\/www.ionnyk.com\/fr\/wp-json\/wp\/v2\/pages"}],"about":[{"href":"https:\/\/www.ionnyk.com\/fr\/wp-json\/wp\/v2\/types\/page"}],"author":[{"embeddable":true,"href":"https:\/\/www.ionnyk.com\/fr\/wp-json\/wp\/v2\/users\/5"}],"replies":[{"embeddable":true,"href":"https:\/\/www.ionnyk.com\/fr\/wp-json\/wp\/v2\/comments?post=10325"}],"version-history":[{"count":5,"href":"https:\/\/www.ionnyk.com\/fr\/wp-json\/wp\/v2\/pages\/10325\/revisions"}],"predecessor-version":[{"id":10726,"href":"https:\/\/www.ionnyk.com\/fr\/wp-json\/wp\/v2\/pages\/10325\/revisions\/10726"}],"wp:attachment":[{"href":"https:\/\/www.ionnyk.com\/fr\/wp-json\/wp\/v2\/media?parent=10325"}],"curies":[{"name":"wp","href":"https:\/\/api.w.org\/{rel}","templated":true}]}}